{"id":578,"date":"2023-11-03T10:41:43","date_gmt":"2023-11-03T10:41:43","guid":{"rendered":"https:\/\/tghotelapartments.com\/?page_id=578"},"modified":"2025-01-29T14:53:11","modified_gmt":"2025-01-29T14:53:11","slug":"apartmanok","status":"publish","type":"page","link":"https:\/\/tghotelapartments.com\/hu\/apartmanok\/","title":{"rendered":"Apartmanok"},"content":{"rendered":"<p>[et_pb_section fb_built=&#8221;1&#8243; admin_label=&#8221;section&#8221; _builder_version=&#8221;4.16&#8243; global_colors_info=&#8221;{}&#8221; da_is_popup=&#8221;off&#8221; da_exit_intent=&#8221;off&#8221; da_has_close=&#8221;on&#8221; da_alt_close=&#8221;off&#8221; da_dark_close=&#8221;off&#8221; da_not_modal=&#8221;on&#8221; da_is_singular=&#8221;off&#8221; da_with_loader=&#8221;off&#8221; da_has_shadow=&#8221;on&#8221; da_disable_devices=&#8221;off|off|off&#8221;][et_pb_row admin_label=&#8221;row&#8221; _builder_version=&#8221;4.16&#8243; background_size=&#8221;initial&#8221; background_position=&#8221;top_left&#8221; background_repeat=&#8221;repeat&#8221; global_colors_info=&#8221;{}&#8221;][et_pb_column type=&#8221;4_4&#8243; _builder_version=&#8221;4.16&#8243; custom_padding=&#8221;|||&#8221; global_colors_info=&#8221;{}&#8221; custom_padding__hover=&#8221;|||&#8221;][\/et_pb_column][\/et_pb_row][\/et_pb_section]<\/p>\n","protected":false},"excerpt":{"rendered":"","protected":false},"author":1,"featured_media":0,"parent":0,"menu_order":0,"comment_status":"closed","ping_status":"closed","template":"","meta":{"_et_pb_use_builder":"on","_et_pb_old_content":"","_et_gb_content_width":"","footnotes":""},"class_list":["post-578","page","type-page","status-publish","hentry"],"yoast_head":"<!-- This site is optimized with the Yoast SEO plugin v26.8 - https:\/\/yoast.com\/product\/yoast-seo-wordpress\/ -->\n<title>Apartmanok - TG HOTEL APARTMENTS<\/title>\n<meta name=\"description\" content=\"Fedezze fel a TG Hotel Apartments k\u00e9nyelmes \u00e9s modern apartmanjait, melyek t\u00f6k\u00e9letes pihen\u00e9st biztos\u00edtanak nyugodt \u00e9s eleg\u00e1ns k\u00f6rnyezetben.\" \/>\n<meta name=\"robots\" content=\"noindex, follow\" \/>\n<meta property=\"og:locale\" content=\"hu_HU\" \/>\n<meta property=\"og:type\" content=\"article\" \/>\n<meta property=\"og:title\" content=\"Apartmanok - TG HOTEL APARTMENTS\" \/>\n<meta property=\"og:description\" content=\"Fedezze fel a TG Hotel Apartments k\u00e9nyelmes \u00e9s modern apartmanjait, melyek t\u00f6k\u00e9letes pihen\u00e9st biztos\u00edtanak nyugodt \u00e9s eleg\u00e1ns k\u00f6rnyezetben.\" \/>\n<meta property=\"og:url\" content=\"https:\/\/tghotelapartments.com\/hu\/apartmanok\/\" \/>\n<meta property=\"og:site_name\" content=\"TG HOTEL APARTMENTS\" \/>\n<meta property=\"article:modified_time\" content=\"2025-01-29T14:53:11+00:00\" \/>\n<meta name=\"twitter:card\" content=\"summary_large_image\" \/>\n<script type=\"application\/ld+json\" class=\"yoast-schema-graph\">{\"@context\":\"https:\/\/schema.org\",\"@graph\":[{\"@type\":\"WebPage\",\"@id\":\"https:\/\/tghotelapartments.com\/hu\/apartmanok\/\",\"url\":\"https:\/\/tghotelapartments.com\/hu\/apartmanok\/\",\"name\":\"Apartmanok - TG HOTEL APARTMENTS\",\"isPartOf\":{\"@id\":\"https:\/\/tghotelapartments.com\/#website\"},\"datePublished\":\"2023-11-03T10:41:43+00:00\",\"dateModified\":\"2025-01-29T14:53:11+00:00\",\"description\":\"Fedezze fel a TG Hotel Apartments k\u00e9nyelmes \u00e9s modern apartmanjait, melyek t\u00f6k\u00e9letes pihen\u00e9st biztos\u00edtanak nyugodt \u00e9s eleg\u00e1ns k\u00f6rnyezetben.\",\"breadcrumb\":{\"@id\":\"https:\/\/tghotelapartments.com\/hu\/apartmanok\/#breadcrumb\"},\"inLanguage\":\"hu\",\"potentialAction\":[{\"@type\":\"ReadAction\",\"target\":[\"https:\/\/tghotelapartments.com\/hu\/apartmanok\/\"]}]},{\"@type\":\"BreadcrumbList\",\"@id\":\"https:\/\/tghotelapartments.com\/hu\/apartmanok\/#breadcrumb\",\"itemListElement\":[{\"@type\":\"ListItem\",\"position\":1,\"name\":\"Home\",\"item\":\"https:\/\/tghotelapartments.com\/\"},{\"@type\":\"ListItem\",\"position\":2,\"name\":\"Apartmanok\"}]},{\"@type\":\"WebSite\",\"@id\":\"https:\/\/tghotelapartments.com\/#website\",\"url\":\"https:\/\/tghotelapartments.com\/\",\"name\":\"TG HOTEL APARTMENTS\",\"description\":\"TG Hotel Apartments feel like home away from home.\",\"potentialAction\":[{\"@type\":\"SearchAction\",\"target\":{\"@type\":\"EntryPoint\",\"urlTemplate\":\"https:\/\/tghotelapartments.com\/?s={search_term_string}\"},\"query-input\":{\"@type\":\"PropertyValueSpecification\",\"valueRequired\":true,\"valueName\":\"search_term_string\"}}],\"inLanguage\":\"hu\"}]}<\/script>\n<!-- \/ Yoast SEO plugin. -->","yoast_head_json":{"title":"Apartmanok - TG HOTEL APARTMENTS","description":"Fedezze fel a TG Hotel Apartments k\u00e9nyelmes \u00e9s modern apartmanjait, melyek t\u00f6k\u00e9letes pihen\u00e9st biztos\u00edtanak nyugodt \u00e9s eleg\u00e1ns k\u00f6rnyezetben.","robots":{"index":"noindex","follow":"follow"},"og_locale":"hu_HU","og_type":"article","og_title":"Apartmanok - TG HOTEL APARTMENTS","og_description":"Fedezze fel a TG Hotel Apartments k\u00e9nyelmes \u00e9s modern apartmanjait, melyek t\u00f6k\u00e9letes pihen\u00e9st biztos\u00edtanak nyugodt \u00e9s eleg\u00e1ns k\u00f6rnyezetben.","og_url":"https:\/\/tghotelapartments.com\/hu\/apartmanok\/","og_site_name":"TG HOTEL APARTMENTS","article_modified_time":"2025-01-29T14:53:11+00:00","twitter_card":"summary_large_image","schema":{"@context":"https:\/\/schema.org","@graph":[{"@type":"WebPage","@id":"https:\/\/tghotelapartments.com\/hu\/apartmanok\/","url":"https:\/\/tghotelapartments.com\/hu\/apartmanok\/","name":"Apartmanok - TG HOTEL APARTMENTS","isPartOf":{"@id":"https:\/\/tghotelapartments.com\/#website"},"datePublished":"2023-11-03T10:41:43+00:00","dateModified":"2025-01-29T14:53:11+00:00","description":"Fedezze fel a TG Hotel Apartments k\u00e9nyelmes \u00e9s modern apartmanjait, melyek t\u00f6k\u00e9letes pihen\u00e9st biztos\u00edtanak nyugodt \u00e9s eleg\u00e1ns k\u00f6rnyezetben.","breadcrumb":{"@id":"https:\/\/tghotelapartments.com\/hu\/apartmanok\/#breadcrumb"},"inLanguage":"hu","potentialAction":[{"@type":"ReadAction","target":["https:\/\/tghotelapartments.com\/hu\/apartmanok\/"]}]},{"@type":"BreadcrumbList","@id":"https:\/\/tghotelapartments.com\/hu\/apartmanok\/#breadcrumb","itemListElement":[{"@type":"ListItem","position":1,"name":"Home","item":"https:\/\/tghotelapartments.com\/"},{"@type":"ListItem","position":2,"name":"Apartmanok"}]},{"@type":"WebSite","@id":"https:\/\/tghotelapartments.com\/#website","url":"https:\/\/tghotelapartments.com\/","name":"TG HOTEL APARTMENTS","description":"TG Hotel Apartments feel like home away from home.","potentialAction":[{"@type":"SearchAction","target":{"@type":"EntryPoint","urlTemplate":"https:\/\/tghotelapartments.com\/?s={search_term_string}"},"query-input":{"@type":"PropertyValueSpecification","valueRequired":true,"valueName":"search_term_string"}}],"inLanguage":"hu"}]}},"_links":{"self":[{"href":"https:\/\/tghotelapartments.com\/hu\/wp-json\/wp\/v2\/pages\/578","targetHints":{"allow":["GET"]}}],"collection":[{"href":"https:\/\/tghotelapartments.com\/hu\/wp-json\/wp\/v2\/pages"}],"about":[{"href":"https:\/\/tghotelapartments.com\/hu\/wp-json\/wp\/v2\/types\/page"}],"author":[{"embeddable":true,"href":"https:\/\/tghotelapartments.com\/hu\/wp-json\/wp\/v2\/users\/1"}],"replies":[{"embeddable":true,"href":"https:\/\/tghotelapartments.com\/hu\/wp-json\/wp\/v2\/comments?post=578"}],"version-history":[{"count":5,"href":"https:\/\/tghotelapartments.com\/hu\/wp-json\/wp\/v2\/pages\/578\/revisions"}],"predecessor-version":[{"id":4405,"href":"https:\/\/tghotelapartments.com\/hu\/wp-json\/wp\/v2\/pages\/578\/revisions\/4405"}],"wp:attachment":[{"href":"https:\/\/tghotelapartments.com\/hu\/wp-json\/wp\/v2\/media?parent=578"}],"curies":[{"name":"wp","href":"https:\/\/api.w.org\/{rel}","templated":true}]}}