{"id":4843,"date":"2025-08-13T09:06:49","date_gmt":"2025-08-13T09:06:49","guid":{"rendered":"https:\/\/tghotelapartments.com\/?page_id=4843"},"modified":"2025-10-30T09:32:42","modified_gmt":"2025-10-30T09:32:42","slug":"fall20","status":"publish","type":"page","link":"https:\/\/tghotelapartments.com\/hu\/fall20\/","title":{"rendered":"FALL20"},"content":{"rendered":"<p>[et_pb_section fb_built=&#8221;1&#8243; _builder_version=&#8221;4.25.1&#8243; _module_preset=&#8221;default&#8221; background_color=&#8221;#faf7ef&#8221; custom_margin=&#8221;||||false|false&#8221; custom_padding=&#8221;|||0px||&#8221; da_disable_devices=&#8221;off|off|off&#8221; global_colors_info=&#8221;{}&#8221; da_is_popup=&#8221;off&#8221; da_exit_intent=&#8221;off&#8221; da_has_close=&#8221;on&#8221; da_alt_close=&#8221;off&#8221; da_dark_close=&#8221;off&#8221; da_not_modal=&#8221;on&#8221; da_is_singular=&#8221;off&#8221; da_with_loader=&#8221;off&#8221; da_has_shadow=&#8221;on&#8221;][et_pb_row _builder_version=&#8221;4.23&#8243; _module_preset=&#8221;default&#8221; width=&#8221;95%&#8221; max_width=&#8221;2560px&#8221; custom_margin=&#8221;30px||||false|false&#8221; global_colors_info=&#8221;{}&#8221;][et_pb_column type=&#8221;4_4&#8243; _builder_version=&#8221;4.23&#8243; _module_preset=&#8221;default&#8221; global_colors_info=&#8221;{}&#8221;][et_pb_text _builder_version=&#8221;4.27.4&#8243; _module_preset=&#8221;default&#8221; text_font=&#8221;blackmango-semibold|600||on|||||&#8221; text_text_color=&#8221;#000000&#8243; text_font_size=&#8221;30px&#8221; text_letter_spacing=&#8221;3px&#8221; header_font=&#8221;|600|||||||&#8221; header_text_color=&#8221;#083147&#8243; text_orientation=&#8221;center&#8221; custom_margin=&#8221;||10px||false|false&#8221; custom_padding=&#8221;||0px||false|false&#8221; global_colors_info=&#8221;{}&#8221;]<\/p>\n<p>FALL20<\/p>\n<p>[\/et_pb_text][et_pb_divider divider_weight=&#8221;6px&#8221; _builder_version=&#8221;4.23&#8243; _module_preset=&#8221;default&#8221; max_width=&#8221;16px&#8221; module_alignment=&#8221;center&#8221; global_colors_info=&#8221;{}&#8221;][\/et_pb_divider][\/et_pb_column][\/et_pb_row][et_pb_row column_structure=&#8221;1_2,1_2&#8243; _builder_version=&#8221;4.25.1&#8243; _module_preset=&#8221;default&#8221; global_colors_info=&#8221;{}&#8221;][et_pb_column type=&#8221;1_2&#8243; _builder_version=&#8221;4.23&#8243; _module_preset=&#8221;default&#8221; global_colors_info=&#8221;{}&#8221;][et_pb_image src=&#8221;https:\/\/tghotelapartments.com\/wp-content\/uploads\/2025\/08\/858A5450-scaled.jpg&#8221; title_text=&#8221;858A5450&#8243; _builder_version=&#8221;4.27.4&#8243; _module_preset=&#8221;default&#8221; max_width=&#8221;60%&#8221; max_width_tablet=&#8221;100%&#8221; max_width_phone=&#8221;100%&#8221; max_width_last_edited=&#8221;on|phone&#8221; module_alignment=&#8221;right&#8221; custom_margin=&#8221;|||101px||&#8221; custom_padding=&#8221;|||0px||&#8221; module_alignment_tablet=&#8221;&#8221; module_alignment_phone=&#8221;&#8221; module_alignment_last_edited=&#8221;on|tablet&#8221; global_colors_info=&#8221;{}&#8221;][\/et_pb_image][\/et_pb_column][et_pb_column type=&#8221;1_2&#8243; _builder_version=&#8221;4.23&#8243; _module_preset=&#8221;default&#8221; global_colors_info=&#8221;{}&#8221;][et_pb_text _builder_version=&#8221;4.27.4&#8243; _module_preset=&#8221;default&#8221; text_font=&#8221;poppins-regular||||||||&#8221; text_text_color=&#8221;#083147&#8243; custom_margin=&#8221;||4px|||&#8221; custom_padding=&#8221;||10px|||&#8221; global_colors_info=&#8221;{}&#8221;]<\/p>\n<p data-start=\"76\" data-end=\"251\"><strong data-start=\"76\" data-end=\"143\">\u0150szi var\u00e1zs Budapesten a TG Hotel Apartments FALL20 aj\u00e1nlat\u00e1val<\/strong><br data-start=\"143\" data-end=\"146\" \/>Fedezze fel a v\u00e1rost az \u00e9v legszebb id\u0151szak\u00e1ban, \u00e9s \u00e9lvezze az <strong data-start=\"209\" data-end=\"237\">exkluz\u00edv 20% kedvezm\u00e9nyt<\/strong> sz\u00e1ll\u00e1s\u00e1ra.<\/p>\n<p>[\/et_pb_text][et_pb_text _builder_version=&#8221;4.27.4&#8243; _module_preset=&#8221;default&#8221; text_font=&#8221;poppins-regular||||||||&#8221; text_text_color=&#8221;#083147&#8243; custom_margin=&#8221;||4px|||&#8221; custom_padding=&#8221;||10px|||&#8221; global_colors_info=&#8221;{}&#8221;]<\/p>\n<p>S\u00e9t\u00e1ljon a Duna partj\u00e1n, melegedjen fel egy forr\u00f3 itallal egy hangulatos k\u00e1v\u00e9z\u00f3ban, \u00e9s mer\u00fclj\u00f6n el Budapest var\u00e1zslatos \u0151szi hangulat\u00e1ban. Ez a szezon\u00e1lis aj\u00e1nlat t\u00f6k\u00e9letes alkalom egy \u0151szi pihen\u00e9s megtervez\u00e9s\u00e9re a TG Hotel Apartmentsn\u00e9l.<\/p>\n<p>[\/et_pb_text][et_pb_text _builder_version=&#8221;4.27.4&#8243; _module_preset=&#8221;default&#8221; text_font=&#8221;poppins-regular||||||||&#8221; text_line_height=&#8221;1.8em&#8221; link_font=&#8221;|600|||||||&#8221; link_text_color=&#8221;#083147&#8243; global_colors_info=&#8221;{}&#8221;]<\/p>\n<p data-start=\"495\" data-end=\"598\">Foglaljon <strong data-start=\"505\" data-end=\"529\">2025. okt\u00f3ber 31.-ig <\/strong>a <strong data-start=\"532\" data-end=\"571\">2025. szeptember 1. \u00e9s december 19.<\/strong> k\u00f6z\u00f6tti tart\u00f3zkod\u00e1sokra.<\/p>\n<p data-start=\"600\" data-end=\"789\"><strong data-start=\"600\" data-end=\"611\">Fontos:<\/strong> A kedvezm\u00e9nyk\u00f3d kiz\u00e1r\u00f3lag k\u00f6zvetlen\u00fcl a hivatalos weboldalunkon kereszt\u00fcl t\u00f6rt\u00e9n\u0151 foglal\u00e1sokra \u00e9rv\u00e9nyes. A fizet\u00e9s v\u00e9gleges\u00edt\u00e9se ut\u00e1n a k\u00f3d m\u00e1r nem haszn\u00e1lhat\u00f3 fel ut\u00f3lagosan.<\/p>\n<p>[\/et_pb_text][et_pb_text _builder_version=&#8221;4.27.4&#8243; _module_preset=&#8221;default&#8221; text_font=&#8221;poppins-regular||||||||&#8221; text_line_height=&#8221;1.8em&#8221; link_font=&#8221;|600|||||||&#8221; link_text_color=&#8221;#083147&#8243; global_colors_info=&#8221;{}&#8221;]<\/p>\n<p>A foglal\u00e1shoz kattints a \u2018FOGLAL\u00c1S\u2019 gombra, \u00e9s haszn\u00e1ld a\u00a0<strong data-start=\"819\" data-end=\"831\">FALL20<\/strong>\u00a0k\u00f3dot, vagy \u00edrj nek\u00fcnk a\u00a0<strong data-start=\"857\" data-end=\"887\"><a href=\"mailto:hello@tghotelapartments.com\" rel=\"noopener\" data-start=\"859\" data-end=\"885\">hello@tghotelapartments.com<\/a><\/strong>\u00a0e-mail c\u00edmre.<\/p>\n<p>[\/et_pb_text][et_pb_button button_url=&#8221;https:\/\/ibe.sabeeapp.com\/properties\/TG-HOTEL-SUITES-foglal\u00e1s\/?p=bSpa72868b5417236e3&#038;l=hu&#8221; url_new_window=&#8221;on&#8221; button_text=&#8221;FOGLAL\u00c1S&#8221; button_alignment=&#8221;left&#8221; _builder_version=&#8221;4.27.4&#8243; _module_preset=&#8221;default&#8221; custom_button=&#8221;on&#8221; button_text_size=&#8221;18px&#8221; button_text_color=&#8221;#FFFFFF&#8221; button_bg_color=&#8221;#083147&#8243; button_border_width=&#8221;5px&#8221; button_border_color=&#8221;#083147&#8243; button_border_radius=&#8221;0px&#8221; button_letter_spacing=&#8221;3px&#8221; button_font=&#8221;blackmango-semibold|||on|||||&#8221; button_on_hover=&#8221;off&#8221; custom_padding=&#8221;|50px||30px|false|false&#8221; global_colors_info=&#8221;{}&#8221; button_bg_color__hover_enabled=&#8221;on|hover&#8221; button_bg_color__hover=&#8221;#FFFFFF&#8221; button_bg_enable_color__hover=&#8221;on&#8221; button_text_color__hover_enabled=&#8221;on|desktop&#8221; button_text_color__hover=&#8221;#083147&#8243; button_border_color__hover_enabled=&#8221;on|hover&#8221; button_border_color__hover=&#8221;#083147&#8243;][\/et_pb_button][\/et_pb_column][\/et_pb_row][\/et_pb_section]<\/p>\n","protected":false},"excerpt":{"rendered":"<p>FALL20\u0150szi var\u00e1zs Budapesten a TG Hotel Apartments FALL20 aj\u00e1nlat\u00e1valFedezze fel a v\u00e1rost az \u00e9v legszebb id\u0151szak\u00e1ban, \u00e9s \u00e9lvezze az exkluz\u00edv 20% kedvezm\u00e9nyt sz\u00e1ll\u00e1s\u00e1ra.S\u00e9t\u00e1ljon a Duna partj\u00e1n, melegedjen fel egy forr\u00f3 itallal egy hangulatos k\u00e1v\u00e9z\u00f3ban, \u00e9s mer\u00fclj\u00f6n el Budapest var\u00e1zslatos \u0151szi hangulat\u00e1ban. Ez a szezon\u00e1lis aj\u00e1nlat t\u00f6k\u00e9letes alkalom egy \u0151szi pihen\u00e9s megtervez\u00e9s\u00e9re a TG Hotel Apartmentsn\u00e9l.Foglaljon [&hellip;]<\/p>\n","protected":false},"author":6,"featured_media":0,"parent":0,"menu_order":0,"comment_status":"closed","ping_status":"closed","template":"","meta":{"_et_pb_use_builder":"on","_et_pb_old_content":"","_et_gb_content_width":"","footnotes":""},"class_list":["post-4843","page","type-page","status-publish","hentry"],"yoast_head":"<!-- This site is optimized with the Yoast SEO plugin v26.8 - https:\/\/yoast.com\/product\/yoast-seo-wordpress\/ -->\n<title>FALL20 - TG HOTEL APARTMENTS<\/title>\n<meta name=\"description\" content=\"TG Hotel Apartments \u2013 Fedezze fel Budapestet \u0151sszel 20% kedvezm\u00e9nnyel! Foglaljon most, \u00e9lvezze a Duna-parti s\u00e9t\u00e1kat \u00e9s hangulatos k\u00e1v\u00e9z\u00f3kat.\" \/>\n<meta name=\"robots\" content=\"index, follow, max-snippet:-1, max-image-preview:large, max-video-preview:-1\" \/>\n<link rel=\"canonical\" href=\"https:\/\/tghotelapartments.com\/hu\/fall20\/\" \/>\n<meta property=\"og:locale\" content=\"hu_HU\" \/>\n<meta property=\"og:type\" content=\"article\" \/>\n<meta property=\"og:title\" content=\"FALL20 - TG HOTEL APARTMENTS\" \/>\n<meta property=\"og:description\" content=\"TG Hotel Apartments \u2013 Fedezze fel Budapestet \u0151sszel 20% kedvezm\u00e9nnyel! Foglaljon most, \u00e9lvezze a Duna-parti s\u00e9t\u00e1kat \u00e9s hangulatos k\u00e1v\u00e9z\u00f3kat.\" \/>\n<meta property=\"og:url\" content=\"https:\/\/tghotelapartments.com\/hu\/fall20\/\" \/>\n<meta property=\"og:site_name\" content=\"TG HOTEL APARTMENTS\" \/>\n<meta property=\"article:modified_time\" content=\"2025-10-30T09:32:42+00:00\" \/>\n<meta name=\"twitter:card\" content=\"summary_large_image\" \/>\n<meta name=\"twitter:label1\" content=\"Becs\u00fclt olvas\u00e1si id\u0151\" \/>\n\t<meta name=\"twitter:data1\" content=\"1 perc\" \/>\n<script type=\"application\/ld+json\" class=\"yoast-schema-graph\">{\"@context\":\"https:\/\/schema.org\",\"@graph\":[{\"@type\":\"WebPage\",\"@id\":\"https:\/\/tghotelapartments.com\/hu\/fall20\/\",\"url\":\"https:\/\/tghotelapartments.com\/hu\/fall20\/\",\"name\":\"FALL20 - TG HOTEL APARTMENTS\",\"isPartOf\":{\"@id\":\"https:\/\/tghotelapartments.com\/#website\"},\"datePublished\":\"2025-08-13T09:06:49+00:00\",\"dateModified\":\"2025-10-30T09:32:42+00:00\",\"description\":\"TG Hotel Apartments \u2013 Fedezze fel Budapestet \u0151sszel 20% kedvezm\u00e9nnyel! Foglaljon most, \u00e9lvezze a Duna-parti s\u00e9t\u00e1kat \u00e9s hangulatos k\u00e1v\u00e9z\u00f3kat.\",\"breadcrumb\":{\"@id\":\"https:\/\/tghotelapartments.com\/hu\/fall20\/#breadcrumb\"},\"inLanguage\":\"hu\",\"potentialAction\":[{\"@type\":\"ReadAction\",\"target\":[\"https:\/\/tghotelapartments.com\/hu\/fall20\/\"]}]},{\"@type\":\"BreadcrumbList\",\"@id\":\"https:\/\/tghotelapartments.com\/hu\/fall20\/#breadcrumb\",\"itemListElement\":[{\"@type\":\"ListItem\",\"position\":1,\"name\":\"Home\",\"item\":\"https:\/\/tghotelapartments.com\/hu\/\"},{\"@type\":\"ListItem\",\"position\":2,\"name\":\"FALL20\"}]},{\"@type\":\"WebSite\",\"@id\":\"https:\/\/tghotelapartments.com\/#website\",\"url\":\"https:\/\/tghotelapartments.com\/\",\"name\":\"TG HOTEL APARTMENTS\",\"description\":\"TG Hotel Apartments feel like home away from home.\",\"potentialAction\":[{\"@type\":\"SearchAction\",\"target\":{\"@type\":\"EntryPoint\",\"urlTemplate\":\"https:\/\/tghotelapartments.com\/?s={search_term_string}\"},\"query-input\":{\"@type\":\"PropertyValueSpecification\",\"valueRequired\":true,\"valueName\":\"search_term_string\"}}],\"inLanguage\":\"hu\"}]}<\/script>\n<!-- \/ Yoast SEO plugin. -->","yoast_head_json":{"title":"FALL20 - TG HOTEL APARTMENTS","description":"TG Hotel Apartments \u2013 Fedezze fel Budapestet \u0151sszel 20% kedvezm\u00e9nnyel! Foglaljon most, \u00e9lvezze a Duna-parti s\u00e9t\u00e1kat \u00e9s hangulatos k\u00e1v\u00e9z\u00f3kat.","robots":{"index":"index","follow":"follow","max-snippet":"max-snippet:-1","max-image-preview":"max-image-preview:large","max-video-preview":"max-video-preview:-1"},"canonical":"https:\/\/tghotelapartments.com\/hu\/fall20\/","og_locale":"hu_HU","og_type":"article","og_title":"FALL20 - TG HOTEL APARTMENTS","og_description":"TG Hotel Apartments \u2013 Fedezze fel Budapestet \u0151sszel 20% kedvezm\u00e9nnyel! Foglaljon most, \u00e9lvezze a Duna-parti s\u00e9t\u00e1kat \u00e9s hangulatos k\u00e1v\u00e9z\u00f3kat.","og_url":"https:\/\/tghotelapartments.com\/hu\/fall20\/","og_site_name":"TG HOTEL APARTMENTS","article_modified_time":"2025-10-30T09:32:42+00:00","twitter_card":"summary_large_image","twitter_misc":{"Becs\u00fclt olvas\u00e1si id\u0151":"1 perc"},"schema":{"@context":"https:\/\/schema.org","@graph":[{"@type":"WebPage","@id":"https:\/\/tghotelapartments.com\/hu\/fall20\/","url":"https:\/\/tghotelapartments.com\/hu\/fall20\/","name":"FALL20 - TG HOTEL APARTMENTS","isPartOf":{"@id":"https:\/\/tghotelapartments.com\/#website"},"datePublished":"2025-08-13T09:06:49+00:00","dateModified":"2025-10-30T09:32:42+00:00","description":"TG Hotel Apartments \u2013 Fedezze fel Budapestet \u0151sszel 20% kedvezm\u00e9nnyel! Foglaljon most, \u00e9lvezze a Duna-parti s\u00e9t\u00e1kat \u00e9s hangulatos k\u00e1v\u00e9z\u00f3kat.","breadcrumb":{"@id":"https:\/\/tghotelapartments.com\/hu\/fall20\/#breadcrumb"},"inLanguage":"hu","potentialAction":[{"@type":"ReadAction","target":["https:\/\/tghotelapartments.com\/hu\/fall20\/"]}]},{"@type":"BreadcrumbList","@id":"https:\/\/tghotelapartments.com\/hu\/fall20\/#breadcrumb","itemListElement":[{"@type":"ListItem","position":1,"name":"Home","item":"https:\/\/tghotelapartments.com\/hu\/"},{"@type":"ListItem","position":2,"name":"FALL20"}]},{"@type":"WebSite","@id":"https:\/\/tghotelapartments.com\/#website","url":"https:\/\/tghotelapartments.com\/","name":"TG HOTEL APARTMENTS","description":"TG Hotel Apartments feel like home away from home.","potentialAction":[{"@type":"SearchAction","target":{"@type":"EntryPoint","urlTemplate":"https:\/\/tghotelapartments.com\/?s={search_term_string}"},"query-input":{"@type":"PropertyValueSpecification","valueRequired":true,"valueName":"search_term_string"}}],"inLanguage":"hu"}]}},"_links":{"self":[{"href":"https:\/\/tghotelapartments.com\/hu\/wp-json\/wp\/v2\/pages\/4843","targetHints":{"allow":["GET"]}}],"collection":[{"href":"https:\/\/tghotelapartments.com\/hu\/wp-json\/wp\/v2\/pages"}],"about":[{"href":"https:\/\/tghotelapartments.com\/hu\/wp-json\/wp\/v2\/types\/page"}],"author":[{"embeddable":true,"href":"https:\/\/tghotelapartments.com\/hu\/wp-json\/wp\/v2\/users\/6"}],"replies":[{"embeddable":true,"href":"https:\/\/tghotelapartments.com\/hu\/wp-json\/wp\/v2\/comments?post=4843"}],"version-history":[{"count":6,"href":"https:\/\/tghotelapartments.com\/hu\/wp-json\/wp\/v2\/pages\/4843\/revisions"}],"predecessor-version":[{"id":4896,"href":"https:\/\/tghotelapartments.com\/hu\/wp-json\/wp\/v2\/pages\/4843\/revisions\/4896"}],"wp:attachment":[{"href":"https:\/\/tghotelapartments.com\/hu\/wp-json\/wp\/v2\/media?parent=4843"}],"curies":[{"name":"wp","href":"https:\/\/api.w.org\/{rel}","templated":true}]}}