{"id":3822,"date":"2024-06-14T09:07:26","date_gmt":"2024-06-14T09:07:26","guid":{"rendered":"https:\/\/tghotelapartments.com\/?page_id=3822"},"modified":"2025-01-30T09:23:45","modified_gmt":"2025-01-30T09:23:45","slug":"spa-csomag","status":"publish","type":"page","link":"https:\/\/tghotelapartments.com\/hu\/spa-csomag\/","title":{"rendered":"SPA CSOMAG"},"content":{"rendered":"<p>[et_pb_section fb_built=&#8221;1&#8243; _builder_version=&#8221;4.23&#8243; _module_preset=&#8221;default&#8221; background_color=&#8221;#faf7ef&#8221; custom_margin=&#8221;||||false|false&#8221; custom_padding=&#8221;|||0px||&#8221; da_disable_devices=&#8221;off|off|off&#8221; global_colors_info=&#8221;{}&#8221; da_is_popup=&#8221;off&#8221; da_exit_intent=&#8221;off&#8221; da_has_close=&#8221;on&#8221; da_alt_close=&#8221;off&#8221; da_dark_close=&#8221;off&#8221; da_not_modal=&#8221;on&#8221; da_is_singular=&#8221;off&#8221; da_with_loader=&#8221;off&#8221; da_has_shadow=&#8221;on&#8221;][et_pb_row _builder_version=&#8221;4.23&#8243; _module_preset=&#8221;default&#8221; width=&#8221;95%&#8221; max_width=&#8221;2560px&#8221; custom_margin=&#8221;30px||||false|false&#8221; global_colors_info=&#8221;{}&#8221;][et_pb_column type=&#8221;4_4&#8243; _builder_version=&#8221;4.23&#8243; _module_preset=&#8221;default&#8221; global_colors_info=&#8221;{}&#8221;][et_pb_text _builder_version=&#8221;4.25.1&#8243; _module_preset=&#8221;default&#8221; text_font=&#8221;ZonaPro Bold|600||on|||||&#8221; text_text_color=&#8221;#000000&#8243; text_font_size=&#8221;24px&#8221; text_letter_spacing=&#8221;3px&#8221; header_font=&#8221;|600|||||||&#8221; header_text_color=&#8221;#083147&#8243; text_orientation=&#8221;center&#8221; custom_margin=&#8221;||10px||false|false&#8221; custom_padding=&#8221;||0px||false|false&#8221; global_colors_info=&#8221;{}&#8221;]<\/p>\n<p>SPA CSOMAG\u00a0<\/p>\n<p>[\/et_pb_text][et_pb_divider divider_weight=&#8221;6px&#8221; _builder_version=&#8221;4.23&#8243; _module_preset=&#8221;default&#8221; max_width=&#8221;16px&#8221; module_alignment=&#8221;center&#8221; global_colors_info=&#8221;{}&#8221;][\/et_pb_divider][\/et_pb_column][\/et_pb_row][et_pb_row column_structure=&#8221;1_2,1_2&#8243; _builder_version=&#8221;4.23&#8243; _module_preset=&#8221;default&#8221; global_colors_info=&#8221;{}&#8221;][et_pb_column type=&#8221;1_2&#8243; _builder_version=&#8221;4.23&#8243; _module_preset=&#8221;default&#8221; global_colors_info=&#8221;{}&#8221;][et_pb_image src=&#8221;https:\/\/tghotelapartments.com\/wp-content\/uploads\/2024\/06\/spa2.png&#8221; title_text=&#8221;spa2&#8243; _builder_version=&#8221;4.25.1&#8243; _module_preset=&#8221;default&#8221; max_width=&#8221;60%&#8221; max_width_tablet=&#8221;100%&#8221; max_width_phone=&#8221;100%&#8221; max_width_last_edited=&#8221;on|phone&#8221; module_alignment=&#8221;right&#8221; module_alignment_tablet=&#8221;&#8221; module_alignment_phone=&#8221;&#8221; module_alignment_last_edited=&#8221;on|tablet&#8221; global_colors_info=&#8221;{}&#8221;][\/et_pb_image][\/et_pb_column][et_pb_column type=&#8221;1_2&#8243; _builder_version=&#8221;4.23&#8243; _module_preset=&#8221;default&#8221; global_colors_info=&#8221;{}&#8221;][et_pb_text _builder_version=&#8221;4.27.4&#8243; _module_preset=&#8221;default&#8221; text_font=&#8221;Hind Vadodara||||||||&#8221; text_text_color=&#8221;#083147&#8243; custom_margin=&#8221;||4px|||&#8221; custom_padding=&#8221;||10px|||&#8221; hover_enabled=&#8221;0&#8243; global_colors_info=&#8221;{}&#8221; sticky_enabled=&#8221;0&#8243;]<\/p>\n<p><strong>Foglald le a v\u00e1rosi kiruccan\u00e1sodat a TG Hotel Apartments-ben \u00e9s kapcsol\u00f3dj ki mik\u00f6zben a fest\u0151i Dun\u00e1n haj\u00f3k\u00e1zol.\u00a0<\/strong><\/p>\n<p>&nbsp;<\/p>\n<p>[\/et_pb_text][et_pb_text _builder_version=&#8221;4.25.1&#8243; _module_preset=&#8221;default&#8221; text_font=&#8221;Hind Vadodara||||||||&#8221; text_text_color=&#8221;#083147&#8243; header_text_color=&#8221;#000000&#8243; custom_margin=&#8221;||4px|||&#8221; custom_padding=&#8221;||10px|||&#8221; global_colors_info=&#8221;{}&#8221;]<\/p>\n<p>\u00c9lvezze Budapest leny\u0171g\u00f6z\u0151 panor\u00e1m\u00e1j\u00e1t \u00e9s ismerje meg a v\u00e1ros csod\u00e1s t\u00f6rt\u00e9nelm\u00e9t mik\u00f6zben a Dun\u00e1n haj\u00f3zik.\u00a0 V\u00e1lasszon megannyi lehet\u0151s\u00e9gek k\u00f6z\u00fcl \u00e9s tal\u00e1lja meg az \u00d6nnek legmegfelel\u0151bb opci\u00f3t.<\/p>\n<p>[\/et_pb_text][et_pb_text _builder_version=&#8221;4.25.1&#8243; _module_preset=&#8221;default&#8221; global_colors_info=&#8221;{}&#8221;]<\/p>\n<div class=\"et_pb_module et_pb_text et_pb_text_3  et_pb_text_align_left et_pb_bg_layout_light\">\n<div class=\"et_pb_text_inner\">\n<p>Tov\u00e1bbi inform\u00e1ci\u00f3\u00e9rt, k\u00fcl\u00f6nleges aj\u00e1nlatok\u00e9rt \u00e9s jegyek\u00e9rt forduljon recepci\u00f3s csapatunkhoz! Munkat\u00e1rsaink \u00f6r\u00f6mmel \u00e1llnak rendelkez\u00e9s\u00e9re, \u00e9s minden sz\u00fcks\u00e9ges inform\u00e1ci\u00f3t megadnak programjainkkal kapcsolatban.<\/p>\n<\/div>\n<\/div>\n<p>[\/et_pb_text][et_pb_text _builder_version=&#8221;4.25.1&#8243; _module_preset=&#8221;default&#8221; global_colors_info=&#8221;{}&#8221;]<\/p>\n<p>Szobafoglal\u00e1s c\u00e9lj\u00e1b\u00f3l kattints a\u00a0<strong>\u2018FOGLAL\u00c1S\u2019<\/strong>\u00a0gombra vagy vedd fel vel\u00fcnk a kapcsolatot a\u00a0<strong><a href=\"mailto:hello@hotelginbudapest.com\">hello@tghotelapartments.com <\/a><\/strong>c\u00edmen.<\/p>\n<p>[\/et_pb_text][et_pb_button button_url=&#8221;https:\/\/ibe.sabeeapp.com\/properties\/TG-HOTEL-APARTMENTS-foglal\u00e1s\/?p=bSpa72868b5417236e3&#038;checkin=2024-10-24&#038;checkout=2024-10-25&#8243; url_new_window=&#8221;on&#8221; button_text=&#8221;FOGLAL\u00c1S&#8221; button_alignment=&#8221;left&#8221; _builder_version=&#8221;4.25.1&#8243; _module_preset=&#8221;default&#8221; custom_button=&#8221;on&#8221; button_text_size=&#8221;18px&#8221; button_text_color=&#8221;#FFFFFF&#8221; button_bg_color=&#8221;#083147&#8243; button_border_width=&#8221;5px&#8221; button_border_color=&#8221;#083147&#8243; button_border_radius=&#8221;0px&#8221; button_letter_spacing=&#8221;3px&#8221; button_font=&#8221;Hind Vadodara|||on|||||&#8221; button_on_hover=&#8221;off&#8221; custom_padding=&#8221;|50px||30px|false|false&#8221; global_colors_info=&#8221;{}&#8221; button_bg_color__hover_enabled=&#8221;on|hover&#8221; button_bg_color__hover=&#8221;#FFFFFF&#8221; button_bg_enable_color__hover=&#8221;on&#8221; button_text_color__hover_enabled=&#8221;on|desktop&#8221; button_text_color__hover=&#8221;#083147&#8243; button_border_color__hover_enabled=&#8221;on|hover&#8221; button_border_color__hover=&#8221;#083147&#8243;][\/et_pb_button][\/et_pb_column][\/et_pb_row][\/et_pb_section]<\/p>\n","protected":false},"excerpt":{"rendered":"<p>SPA CSOMAG\u00a0Foglald le a v\u00e1rosi kiruccan\u00e1sodat a TG Hotel Apartments-ben \u00e9s kapcsol\u00f3dj ki mik\u00f6zben a fest\u0151i Dun\u00e1n haj\u00f3k\u00e1zol.\u00a0 &nbsp;\u00c9lvezze Budapest leny\u0171g\u00f6z\u0151 panor\u00e1m\u00e1j\u00e1t \u00e9s ismerje meg a v\u00e1ros csod\u00e1s t\u00f6rt\u00e9nelm\u00e9t mik\u00f6zben a Dun\u00e1n haj\u00f3zik.\u00a0 V\u00e1lasszon megannyi lehet\u0151s\u00e9gek k\u00f6z\u00fcl \u00e9s tal\u00e1lja meg az \u00d6nnek legmegfelel\u0151bb opci\u00f3t. Tov\u00e1bbi inform\u00e1ci\u00f3\u00e9rt, k\u00fcl\u00f6nleges aj\u00e1nlatok\u00e9rt \u00e9s jegyek\u00e9rt forduljon recepci\u00f3s csapatunkhoz! Munkat\u00e1rsaink \u00f6r\u00f6mmel [&hellip;]<\/p>\n","protected":false},"author":6,"featured_media":0,"parent":0,"menu_order":0,"comment_status":"closed","ping_status":"closed","template":"","meta":{"_et_pb_use_builder":"on","_et_pb_old_content":"","_et_gb_content_width":"","footnotes":""},"class_list":["post-3822","page","type-page","status-publish","hentry"],"yoast_head":"<!-- This site is optimized with the Yoast SEO plugin v26.8 - https:\/\/yoast.com\/product\/yoast-seo-wordpress\/ -->\n<title>SPA CSOMAG - TG HOTEL APARTMENTS<\/title>\n<meta name=\"description\" content=\"Foglald le a v\u00e1rosi kiruccan\u00e1sodat a TG Hotel Apartments-ben \u00e9s kapcsol\u00f3dj ki a budapesti f\u00fcrd\u0151k egyik\u00e9ben.\" \/>\n<meta name=\"robots\" content=\"index, follow, max-snippet:-1, max-image-preview:large, max-video-preview:-1\" \/>\n<link rel=\"canonical\" href=\"https:\/\/tghotelapartments.com\/hu\/spa-csomag\/\" \/>\n<meta property=\"og:locale\" content=\"hu_HU\" \/>\n<meta property=\"og:type\" content=\"article\" \/>\n<meta property=\"og:title\" content=\"SPA CSOMAG - TG HOTEL APARTMENTS\" \/>\n<meta property=\"og:description\" content=\"Foglald le a v\u00e1rosi kiruccan\u00e1sodat a TG Hotel Apartments-ben \u00e9s kapcsol\u00f3dj ki a budapesti f\u00fcrd\u0151k egyik\u00e9ben.\" \/>\n<meta property=\"og:url\" content=\"https:\/\/tghotelapartments.com\/hu\/spa-csomag\/\" \/>\n<meta property=\"og:site_name\" content=\"TG HOTEL APARTMENTS\" \/>\n<meta property=\"article:modified_time\" content=\"2025-01-30T09:23:45+00:00\" \/>\n<meta name=\"twitter:card\" content=\"summary_large_image\" \/>\n<meta name=\"twitter:label1\" content=\"Becs\u00fclt olvas\u00e1si id\u0151\" \/>\n\t<meta name=\"twitter:data1\" content=\"1 perc\" \/>\n<script type=\"application\/ld+json\" class=\"yoast-schema-graph\">{\"@context\":\"https:\/\/schema.org\",\"@graph\":[{\"@type\":\"WebPage\",\"@id\":\"https:\/\/tghotelapartments.com\/hu\/spa-csomag\/\",\"url\":\"https:\/\/tghotelapartments.com\/hu\/spa-csomag\/\",\"name\":\"SPA CSOMAG - TG HOTEL APARTMENTS\",\"isPartOf\":{\"@id\":\"https:\/\/tghotelapartments.com\/#website\"},\"datePublished\":\"2024-06-14T09:07:26+00:00\",\"dateModified\":\"2025-01-30T09:23:45+00:00\",\"description\":\"Foglald le a v\u00e1rosi kiruccan\u00e1sodat a TG Hotel Apartments-ben \u00e9s kapcsol\u00f3dj ki a budapesti f\u00fcrd\u0151k egyik\u00e9ben.\",\"breadcrumb\":{\"@id\":\"https:\/\/tghotelapartments.com\/hu\/spa-csomag\/#breadcrumb\"},\"inLanguage\":\"hu\",\"potentialAction\":[{\"@type\":\"ReadAction\",\"target\":[\"https:\/\/tghotelapartments.com\/hu\/spa-csomag\/\"]}]},{\"@type\":\"BreadcrumbList\",\"@id\":\"https:\/\/tghotelapartments.com\/hu\/spa-csomag\/#breadcrumb\",\"itemListElement\":[{\"@type\":\"ListItem\",\"position\":1,\"name\":\"Home\",\"item\":\"https:\/\/tghotelapartments.com\/hu\/\"},{\"@type\":\"ListItem\",\"position\":2,\"name\":\"SPA CSOMAG\"}]},{\"@type\":\"WebSite\",\"@id\":\"https:\/\/tghotelapartments.com\/#website\",\"url\":\"https:\/\/tghotelapartments.com\/\",\"name\":\"TG HOTEL APARTMENTS\",\"description\":\"TG Hotel Apartments feel like home away from home.\",\"potentialAction\":[{\"@type\":\"SearchAction\",\"target\":{\"@type\":\"EntryPoint\",\"urlTemplate\":\"https:\/\/tghotelapartments.com\/?s={search_term_string}\"},\"query-input\":{\"@type\":\"PropertyValueSpecification\",\"valueRequired\":true,\"valueName\":\"search_term_string\"}}],\"inLanguage\":\"hu\"}]}<\/script>\n<!-- \/ Yoast SEO plugin. -->","yoast_head_json":{"title":"SPA CSOMAG - TG HOTEL APARTMENTS","description":"Foglald le a v\u00e1rosi kiruccan\u00e1sodat a TG Hotel Apartments-ben \u00e9s kapcsol\u00f3dj ki a budapesti f\u00fcrd\u0151k egyik\u00e9ben.","robots":{"index":"index","follow":"follow","max-snippet":"max-snippet:-1","max-image-preview":"max-image-preview:large","max-video-preview":"max-video-preview:-1"},"canonical":"https:\/\/tghotelapartments.com\/hu\/spa-csomag\/","og_locale":"hu_HU","og_type":"article","og_title":"SPA CSOMAG - TG HOTEL APARTMENTS","og_description":"Foglald le a v\u00e1rosi kiruccan\u00e1sodat a TG Hotel Apartments-ben \u00e9s kapcsol\u00f3dj ki a budapesti f\u00fcrd\u0151k egyik\u00e9ben.","og_url":"https:\/\/tghotelapartments.com\/hu\/spa-csomag\/","og_site_name":"TG HOTEL APARTMENTS","article_modified_time":"2025-01-30T09:23:45+00:00","twitter_card":"summary_large_image","twitter_misc":{"Becs\u00fclt olvas\u00e1si id\u0151":"1 perc"},"schema":{"@context":"https:\/\/schema.org","@graph":[{"@type":"WebPage","@id":"https:\/\/tghotelapartments.com\/hu\/spa-csomag\/","url":"https:\/\/tghotelapartments.com\/hu\/spa-csomag\/","name":"SPA CSOMAG - TG HOTEL APARTMENTS","isPartOf":{"@id":"https:\/\/tghotelapartments.com\/#website"},"datePublished":"2024-06-14T09:07:26+00:00","dateModified":"2025-01-30T09:23:45+00:00","description":"Foglald le a v\u00e1rosi kiruccan\u00e1sodat a TG Hotel Apartments-ben \u00e9s kapcsol\u00f3dj ki a budapesti f\u00fcrd\u0151k egyik\u00e9ben.","breadcrumb":{"@id":"https:\/\/tghotelapartments.com\/hu\/spa-csomag\/#breadcrumb"},"inLanguage":"hu","potentialAction":[{"@type":"ReadAction","target":["https:\/\/tghotelapartments.com\/hu\/spa-csomag\/"]}]},{"@type":"BreadcrumbList","@id":"https:\/\/tghotelapartments.com\/hu\/spa-csomag\/#breadcrumb","itemListElement":[{"@type":"ListItem","position":1,"name":"Home","item":"https:\/\/tghotelapartments.com\/hu\/"},{"@type":"ListItem","position":2,"name":"SPA CSOMAG"}]},{"@type":"WebSite","@id":"https:\/\/tghotelapartments.com\/#website","url":"https:\/\/tghotelapartments.com\/","name":"TG HOTEL APARTMENTS","description":"TG Hotel Apartments feel like home away from home.","potentialAction":[{"@type":"SearchAction","target":{"@type":"EntryPoint","urlTemplate":"https:\/\/tghotelapartments.com\/?s={search_term_string}"},"query-input":{"@type":"PropertyValueSpecification","valueRequired":true,"valueName":"search_term_string"}}],"inLanguage":"hu"}]}},"_links":{"self":[{"href":"https:\/\/tghotelapartments.com\/hu\/wp-json\/wp\/v2\/pages\/3822","targetHints":{"allow":["GET"]}}],"collection":[{"href":"https:\/\/tghotelapartments.com\/hu\/wp-json\/wp\/v2\/pages"}],"about":[{"href":"https:\/\/tghotelapartments.com\/hu\/wp-json\/wp\/v2\/types\/page"}],"author":[{"embeddable":true,"href":"https:\/\/tghotelapartments.com\/hu\/wp-json\/wp\/v2\/users\/6"}],"replies":[{"embeddable":true,"href":"https:\/\/tghotelapartments.com\/hu\/wp-json\/wp\/v2\/comments?post=3822"}],"version-history":[{"count":15,"href":"https:\/\/tghotelapartments.com\/hu\/wp-json\/wp\/v2\/pages\/3822\/revisions"}],"predecessor-version":[{"id":4421,"href":"https:\/\/tghotelapartments.com\/hu\/wp-json\/wp\/v2\/pages\/3822\/revisions\/4421"}],"wp:attachment":[{"href":"https:\/\/tghotelapartments.com\/hu\/wp-json\/wp\/v2\/media?parent=3822"}],"curies":[{"name":"wp","href":"https:\/\/api.w.org\/{rel}","templated":true}]}}