{"id":3632,"date":"2024-04-26T09:09:59","date_gmt":"2024-04-26T09:09:59","guid":{"rendered":"https:\/\/tghotelapartments.com\/hello-friends\/"},"modified":"2024-08-13T12:27:25","modified_gmt":"2024-08-13T12:27:25","slug":"hello-15","status":"publish","type":"page","link":"https:\/\/tghotelapartments.com\/hu\/hello-15\/","title":{"rendered":"HELLO 15"},"content":{"rendered":"<p>[et_pb_section fb_built=&#8221;1&#8243; _builder_version=&#8221;4.25.1&#8243; _module_preset=&#8221;default&#8221; background_color=&#8221;#faf7ef&#8221; custom_margin=&#8221;||||false|false&#8221; custom_padding=&#8221;|||0px||&#8221; da_disable_devices=&#8221;off|off|off&#8221; global_colors_info=&#8221;{}&#8221; da_is_popup=&#8221;off&#8221; da_exit_intent=&#8221;off&#8221; da_has_close=&#8221;on&#8221; da_alt_close=&#8221;off&#8221; da_dark_close=&#8221;off&#8221; da_not_modal=&#8221;on&#8221; da_is_singular=&#8221;off&#8221; da_with_loader=&#8221;off&#8221; da_has_shadow=&#8221;on&#8221;][et_pb_row _builder_version=&#8221;4.23&#8243; _module_preset=&#8221;default&#8221; width=&#8221;95%&#8221; max_width=&#8221;2560px&#8221; custom_margin=&#8221;30px||||false|false&#8221; global_colors_info=&#8221;{}&#8221;][et_pb_column type=&#8221;4_4&#8243; _builder_version=&#8221;4.23&#8243; _module_preset=&#8221;default&#8221; global_colors_info=&#8221;{}&#8221;][et_pb_text _builder_version=&#8221;4.25.1&#8243; _module_preset=&#8221;default&#8221; text_font=&#8221;ZonaPro Bold|600||on|||||&#8221; text_text_color=&#8221;#000000&#8243; text_font_size=&#8221;24px&#8221; text_letter_spacing=&#8221;3px&#8221; header_font=&#8221;|600|||||||&#8221; header_text_color=&#8221;#083147&#8243; text_orientation=&#8221;center&#8221; custom_margin=&#8221;||10px||false|false&#8221; custom_padding=&#8221;||0px||false|false&#8221; global_colors_info=&#8221;{}&#8221;]<\/p>\n<h1>HELLO 15<\/h1>\n<p>[\/et_pb_text][et_pb_divider divider_weight=&#8221;6px&#8221; _builder_version=&#8221;4.23&#8243; _module_preset=&#8221;default&#8221; max_width=&#8221;16px&#8221; module_alignment=&#8221;center&#8221; global_colors_info=&#8221;{}&#8221;][\/et_pb_divider][\/et_pb_column][\/et_pb_row][et_pb_row column_structure=&#8221;1_2,1_2&#8243; _builder_version=&#8221;4.25.1&#8243; _module_preset=&#8221;default&#8221; global_colors_info=&#8221;{}&#8221;][et_pb_column type=&#8221;1_2&#8243; _builder_version=&#8221;4.23&#8243; _module_preset=&#8221;default&#8221; global_colors_info=&#8221;{}&#8221;][et_pb_image src=&#8221;https:\/\/tghotelapartments.com\/wp-content\/uploads\/2024\/08\/IMG_9523-scaled.jpg&#8221; title_text=&#8221;IMG_9523&#8243; _builder_version=&#8221;4.25.1&#8243; _module_preset=&#8221;default&#8221; max_width=&#8221;90%&#8221; max_width_tablet=&#8221;100%&#8221; max_width_phone=&#8221;100%&#8221; max_width_last_edited=&#8221;on|phone&#8221; module_alignment=&#8221;right&#8221; custom_margin=&#8221;|||101px||&#8221; custom_padding=&#8221;|||0px||&#8221; module_alignment_tablet=&#8221;&#8221; module_alignment_phone=&#8221;&#8221; module_alignment_last_edited=&#8221;on|tablet&#8221; global_colors_info=&#8221;{}&#8221;][\/et_pb_image][\/et_pb_column][et_pb_column type=&#8221;1_2&#8243; _builder_version=&#8221;4.23&#8243; _module_preset=&#8221;default&#8221; global_colors_info=&#8221;{}&#8221;][et_pb_text _builder_version=&#8221;4.25.1&#8243; _module_preset=&#8221;default&#8221; text_font=&#8221;ZonaPro Bold|600||on|||||&#8221; text_text_color=&#8221;#000000&#8243; text_font_size=&#8221;24px&#8221; text_letter_spacing=&#8221;3px&#8221; header_font=&#8221;|600|||||||&#8221; header_text_color=&#8221;#083147&#8243; header_font_size=&#8221;28px&#8221; text_orientation=&#8221;center&#8221; custom_margin=&#8221;||10px||false|false&#8221; custom_padding=&#8221;||0px||false|false&#8221; global_colors_info=&#8221;{}&#8221;]<\/p>\n<div class=\"et_pb_module et_pb_text et_pb_text_1 et_pb_text_align_center et_pb_bg_layout_light\">\n<div class=\"et_pb_text_inner\">\n<h1>FOGLALJ DIREKT \u00c9S CSAPJ LE A 15% KEDVEZM\u00c9NYRE<\/h1>\n<\/div>\n<\/div>\n<div class=\"et_pb_module et_pb_text et_pb_text_2 et_pb_text_align_left et_pb_bg_layout_light\">\n<div class=\"et_pb_text_inner\">\u00a0<\/div>\n<\/div>\n<p>[\/et_pb_text][et_pb_text _builder_version=&#8221;4.25.1&#8243; _module_preset=&#8221;default&#8221; text_font=&#8221;Hind Vadodara||||||||&#8221; text_text_color=&#8221;#083147&#8243; custom_margin=&#8221;||4px|||&#8221; custom_padding=&#8221;||10px|||&#8221; global_colors_info=&#8221;{}&#8221;]<\/p>\n<div class=\"et_pb_module et_pb_text et_pb_text_2 et_pb_text_align_left et_pb_bg_layout_light\">\n<div class=\"et_pb_text_inner\">\n<p>K\u00e9szen \u00e1llsz, hogy felfedezd a v\u00e1rost? A TG Hotel Apartments szeretettel v\u00e1r, hogy igaz\u00e1n eml\u00e9kezetess\u00e9 tegye a budapesti kikapcsol\u00f3d\u00e1st. Gyertek \u00e9s v\u00e1lasszatok \u00a0<a href=\"https:\/\/tghotelapartments.com\/hu\/apartmanok\">apartmanjaink<\/a> k\u00f6z\u00fcl \u00e9s \u00e9lvezz 15% kedvezm\u00e9nyt az &#8216;HELLO15&#8217; k\u00f3ddal.<\/p>\n<\/div>\n<\/div>\n<div class=\"et_pb_module et_pb_text et_pb_text_3 et_pb_text_align_left et_pb_bg_layout_light\">\n<div class=\"et_pb_text_inner\">\u00a0<\/div>\n<\/div>\n<p>[\/et_pb_text][et_pb_text _builder_version=&#8221;4.25.1&#8243; _module_preset=&#8221;default&#8221; text_line_height=&#8221;1.8em&#8221; link_font=&#8221;|600|||||||&#8221; link_text_color=&#8221;#083147&#8243; global_colors_info=&#8221;{}&#8221;]<\/p>\n<p>A k\u00f3d \u00e9rv\u00e9nyes 2024.08.15 \u00e9s 2024.09.30. k\u00f6z\u00f6tt \u00e9s foglalhat\u00f3 2024.09.01 \u00e9s 2024.12.28 k\u00f6z\u00f6tt.<\/p>\n<p>Foglal\u00e1shoz kattints a \u2018FOGLAL\u00c1S\u2018 gombra \u00e9s haszn\u00e1ld &#8216;<strong>HELLO15<\/strong>&#8216; k\u00f3dot vagy \u00edrj a\u00a0<a href=\"mailto:hello@tgsuites.hu\">hello@tghotelapartments.com<\/a> c\u00edmen, \u00e9s a t\u00e1rgyban haszn\u00e1ld az <strong>HELLO15 <\/strong>c\u00edmsz\u00f3t.<\/p>\n<p>[\/et_pb_text][et_pb_button button_url=&#8221;https:\/\/tghotelapartments.com\/hu\/foglalas\/&#8221; url_new_window=&#8221;on&#8221; button_text=&#8221;FOGLAL\u00c1S&#8221; button_alignment=&#8221;left&#8221; _builder_version=&#8221;4.25.1&#8243; _module_preset=&#8221;default&#8221; custom_button=&#8221;on&#8221; button_text_size=&#8221;18px&#8221; button_text_color=&#8221;#FFFFFF&#8221; button_bg_color=&#8221;#083147&#8243; button_border_width=&#8221;5px&#8221; button_border_color=&#8221;#083147&#8243; button_border_radius=&#8221;0px&#8221; button_letter_spacing=&#8221;3px&#8221; button_font=&#8221;Hind Vadodara|||on|||||&#8221; button_on_hover=&#8221;off&#8221; custom_padding=&#8221;|50px||30px|false|false&#8221; global_colors_info=&#8221;{}&#8221; button_bg_color__hover_enabled=&#8221;on|hover&#8221; button_bg_color__hover=&#8221;#FFFFFF&#8221; button_bg_enable_color__hover=&#8221;on&#8221; button_text_color__hover_enabled=&#8221;on|desktop&#8221; button_text_color__hover=&#8221;#083147&#8243; button_border_color__hover_enabled=&#8221;on|hover&#8221; button_border_color__hover=&#8221;#083147&#8243;][\/et_pb_button][\/et_pb_column][\/et_pb_row][\/et_pb_section]<\/p>\n","protected":false},"excerpt":{"rendered":"<p>HELLO 15 FOGLALJ DIREKT \u00c9S CSAPJ LE A 15% KEDVEZM\u00c9NYRE \u00a0 K\u00e9szen \u00e1llsz, hogy felfedezd a v\u00e1rost? A TG Hotel Apartments szeretettel v\u00e1r, hogy igaz\u00e1n eml\u00e9kezetess\u00e9 tegye a budapesti kikapcsol\u00f3d\u00e1st. Gyertek \u00e9s v\u00e1lasszatok \u00a0apartmanjaink k\u00f6z\u00fcl \u00e9s \u00e9lvezz 15% kedvezm\u00e9nyt az &#8216;HELLO15&#8217; k\u00f3ddal. \u00a0 A k\u00f3d \u00e9rv\u00e9nyes 2024.08.15 \u00e9s 2024.09.30. k\u00f6z\u00f6tt \u00e9s foglalhat\u00f3 2024.09.01 \u00e9s 2024.12.28 [&hellip;]<\/p>\n","protected":false},"author":2,"featured_media":0,"parent":0,"menu_order":0,"comment_status":"closed","ping_status":"closed","template":"","meta":{"_et_pb_use_builder":"on","_et_pb_old_content":"","_et_gb_content_width":"","footnotes":""},"class_list":["post-3632","page","type-page","status-publish","hentry"],"yoast_head":"<!-- This site is optimized with the Yoast SEO plugin v26.8 - https:\/\/yoast.com\/product\/yoast-seo-wordpress\/ -->\n<title>HELLO 15 - TG HOTEL APARTMENTS<\/title>\n<meta name=\"robots\" content=\"index, follow, max-snippet:-1, max-image-preview:large, max-video-preview:-1\" \/>\n<link rel=\"canonical\" href=\"https:\/\/tghotelapartments.com\/hu\/hello-15\/\" \/>\n<meta property=\"og:locale\" content=\"hu_HU\" \/>\n<meta property=\"og:type\" content=\"article\" \/>\n<meta property=\"og:title\" content=\"HELLO 15 - TG HOTEL APARTMENTS\" \/>\n<meta property=\"og:description\" content=\"HELLO 15 FOGLALJ DIREKT \u00c9S CSAPJ LE A 15% KEDVEZM\u00c9NYRE \u00a0 K\u00e9szen \u00e1llsz, hogy felfedezd a v\u00e1rost? A TG Hotel Apartments szeretettel v\u00e1r, hogy igaz\u00e1n eml\u00e9kezetess\u00e9 tegye a budapesti kikapcsol\u00f3d\u00e1st. Gyertek \u00e9s v\u00e1lasszatok \u00a0apartmanjaink k\u00f6z\u00fcl \u00e9s \u00e9lvezz 15% kedvezm\u00e9nyt az &#039;HELLO15&#039; k\u00f3ddal. \u00a0 A k\u00f3d \u00e9rv\u00e9nyes 2024.08.15 \u00e9s 2024.09.30. k\u00f6z\u00f6tt \u00e9s foglalhat\u00f3 2024.09.01 \u00e9s 2024.12.28 [&hellip;]\" \/>\n<meta property=\"og:url\" content=\"https:\/\/tghotelapartments.com\/hu\/hello-15\/\" \/>\n<meta property=\"og:site_name\" content=\"TG HOTEL APARTMENTS\" \/>\n<meta property=\"article:modified_time\" content=\"2024-08-13T12:27:25+00:00\" \/>\n<meta name=\"twitter:card\" content=\"summary_large_image\" \/>\n<meta name=\"twitter:label1\" content=\"Becs\u00fclt olvas\u00e1si id\u0151\" \/>\n\t<meta name=\"twitter:data1\" content=\"1 perc\" \/>\n<script type=\"application\/ld+json\" class=\"yoast-schema-graph\">{\"@context\":\"https:\/\/schema.org\",\"@graph\":[{\"@type\":\"WebPage\",\"@id\":\"https:\/\/tghotelapartments.com\/hu\/hello-15\/\",\"url\":\"https:\/\/tghotelapartments.com\/hu\/hello-15\/\",\"name\":\"HELLO 15 - TG HOTEL APARTMENTS\",\"isPartOf\":{\"@id\":\"https:\/\/tghotelapartments.com\/#website\"},\"datePublished\":\"2024-04-26T09:09:59+00:00\",\"dateModified\":\"2024-08-13T12:27:25+00:00\",\"breadcrumb\":{\"@id\":\"https:\/\/tghotelapartments.com\/hu\/hello-15\/#breadcrumb\"},\"inLanguage\":\"hu\",\"potentialAction\":[{\"@type\":\"ReadAction\",\"target\":[\"https:\/\/tghotelapartments.com\/hu\/hello-15\/\"]}]},{\"@type\":\"BreadcrumbList\",\"@id\":\"https:\/\/tghotelapartments.com\/hu\/hello-15\/#breadcrumb\",\"itemListElement\":[{\"@type\":\"ListItem\",\"position\":1,\"name\":\"Home\",\"item\":\"https:\/\/tghotelapartments.com\/hu\/\"},{\"@type\":\"ListItem\",\"position\":2,\"name\":\"HELLO 15\"}]},{\"@type\":\"WebSite\",\"@id\":\"https:\/\/tghotelapartments.com\/#website\",\"url\":\"https:\/\/tghotelapartments.com\/\",\"name\":\"TG HOTEL APARTMENTS\",\"description\":\"TG Hotel Apartments feel like home away from home.\",\"potentialAction\":[{\"@type\":\"SearchAction\",\"target\":{\"@type\":\"EntryPoint\",\"urlTemplate\":\"https:\/\/tghotelapartments.com\/?s={search_term_string}\"},\"query-input\":{\"@type\":\"PropertyValueSpecification\",\"valueRequired\":true,\"valueName\":\"search_term_string\"}}],\"inLanguage\":\"hu\"}]}<\/script>\n<!-- \/ Yoast SEO plugin. -->","yoast_head_json":{"title":"HELLO 15 - TG HOTEL APARTMENTS","robots":{"index":"index","follow":"follow","max-snippet":"max-snippet:-1","max-image-preview":"max-image-preview:large","max-video-preview":"max-video-preview:-1"},"canonical":"https:\/\/tghotelapartments.com\/hu\/hello-15\/","og_locale":"hu_HU","og_type":"article","og_title":"HELLO 15 - TG HOTEL APARTMENTS","og_description":"HELLO 15 FOGLALJ DIREKT \u00c9S CSAPJ LE A 15% KEDVEZM\u00c9NYRE \u00a0 K\u00e9szen \u00e1llsz, hogy felfedezd a v\u00e1rost? A TG Hotel Apartments szeretettel v\u00e1r, hogy igaz\u00e1n eml\u00e9kezetess\u00e9 tegye a budapesti kikapcsol\u00f3d\u00e1st. Gyertek \u00e9s v\u00e1lasszatok \u00a0apartmanjaink k\u00f6z\u00fcl \u00e9s \u00e9lvezz 15% kedvezm\u00e9nyt az 'HELLO15' k\u00f3ddal. \u00a0 A k\u00f3d \u00e9rv\u00e9nyes 2024.08.15 \u00e9s 2024.09.30. k\u00f6z\u00f6tt \u00e9s foglalhat\u00f3 2024.09.01 \u00e9s 2024.12.28 [&hellip;]","og_url":"https:\/\/tghotelapartments.com\/hu\/hello-15\/","og_site_name":"TG HOTEL APARTMENTS","article_modified_time":"2024-08-13T12:27:25+00:00","twitter_card":"summary_large_image","twitter_misc":{"Becs\u00fclt olvas\u00e1si id\u0151":"1 perc"},"schema":{"@context":"https:\/\/schema.org","@graph":[{"@type":"WebPage","@id":"https:\/\/tghotelapartments.com\/hu\/hello-15\/","url":"https:\/\/tghotelapartments.com\/hu\/hello-15\/","name":"HELLO 15 - TG HOTEL APARTMENTS","isPartOf":{"@id":"https:\/\/tghotelapartments.com\/#website"},"datePublished":"2024-04-26T09:09:59+00:00","dateModified":"2024-08-13T12:27:25+00:00","breadcrumb":{"@id":"https:\/\/tghotelapartments.com\/hu\/hello-15\/#breadcrumb"},"inLanguage":"hu","potentialAction":[{"@type":"ReadAction","target":["https:\/\/tghotelapartments.com\/hu\/hello-15\/"]}]},{"@type":"BreadcrumbList","@id":"https:\/\/tghotelapartments.com\/hu\/hello-15\/#breadcrumb","itemListElement":[{"@type":"ListItem","position":1,"name":"Home","item":"https:\/\/tghotelapartments.com\/hu\/"},{"@type":"ListItem","position":2,"name":"HELLO 15"}]},{"@type":"WebSite","@id":"https:\/\/tghotelapartments.com\/#website","url":"https:\/\/tghotelapartments.com\/","name":"TG HOTEL APARTMENTS","description":"TG Hotel Apartments feel like home away from home.","potentialAction":[{"@type":"SearchAction","target":{"@type":"EntryPoint","urlTemplate":"https:\/\/tghotelapartments.com\/?s={search_term_string}"},"query-input":{"@type":"PropertyValueSpecification","valueRequired":true,"valueName":"search_term_string"}}],"inLanguage":"hu"}]}},"_links":{"self":[{"href":"https:\/\/tghotelapartments.com\/hu\/wp-json\/wp\/v2\/pages\/3632","targetHints":{"allow":["GET"]}}],"collection":[{"href":"https:\/\/tghotelapartments.com\/hu\/wp-json\/wp\/v2\/pages"}],"about":[{"href":"https:\/\/tghotelapartments.com\/hu\/wp-json\/wp\/v2\/types\/page"}],"author":[{"embeddable":true,"href":"https:\/\/tghotelapartments.com\/hu\/wp-json\/wp\/v2\/users\/2"}],"replies":[{"embeddable":true,"href":"https:\/\/tghotelapartments.com\/hu\/wp-json\/wp\/v2\/comments?post=3632"}],"version-history":[{"count":8,"href":"https:\/\/tghotelapartments.com\/hu\/wp-json\/wp\/v2\/pages\/3632\/revisions"}],"predecessor-version":[{"id":4098,"href":"https:\/\/tghotelapartments.com\/hu\/wp-json\/wp\/v2\/pages\/3632\/revisions\/4098"}],"wp:attachment":[{"href":"https:\/\/tghotelapartments.com\/hu\/wp-json\/wp\/v2\/media?parent=3632"}],"curies":[{"name":"wp","href":"https:\/\/api.w.org\/{rel}","templated":true}]}}