{"id":3376,"date":"2024-03-06T10:15:36","date_gmt":"2024-03-06T10:15:36","guid":{"rendered":"https:\/\/tghotelapartments.com\/?page_id=3376"},"modified":"2025-01-29T08:46:34","modified_gmt":"2025-01-29T08:46:34","slug":"breakfast","status":"publish","type":"page","link":"https:\/\/tghotelapartments.com\/hu\/breakfast\/","title":{"rendered":"Bed &#038; Breakfast"},"content":{"rendered":"<p>[et_pb_section fb_built=&#8221;1&#8243; _builder_version=&#8221;4.23&#8243; _module_preset=&#8221;default&#8221; background_color=&#8221;#faf7ef&#8221; custom_margin=&#8221;||||false|false&#8221; custom_padding=&#8221;|||0px||&#8221; da_disable_devices=&#8221;off|off|off&#8221; global_colors_info=&#8221;{}&#8221; da_is_popup=&#8221;off&#8221; da_exit_intent=&#8221;off&#8221; da_has_close=&#8221;on&#8221; da_alt_close=&#8221;off&#8221; da_dark_close=&#8221;off&#8221; da_not_modal=&#8221;on&#8221; da_is_singular=&#8221;off&#8221; da_with_loader=&#8221;off&#8221; da_has_shadow=&#8221;on&#8221;][et_pb_row _builder_version=&#8221;4.23&#8243; _module_preset=&#8221;default&#8221; width=&#8221;95%&#8221; max_width=&#8221;2560px&#8221; custom_margin=&#8221;30px||||false|false&#8221; global_colors_info=&#8221;{}&#8221;][et_pb_column type=&#8221;4_4&#8243; _builder_version=&#8221;4.23&#8243; _module_preset=&#8221;default&#8221; global_colors_info=&#8221;{}&#8221;][et_pb_text _builder_version=&#8221;4.23&#8243; _module_preset=&#8221;default&#8221; text_font=&#8221;ZonaPro Bold|600||on|||||&#8221; text_text_color=&#8221;#000000&#8243; text_font_size=&#8221;24px&#8221; text_letter_spacing=&#8221;3px&#8221; header_font=&#8221;|600|||||||&#8221; header_text_color=&#8221;#083147&#8243; text_orientation=&#8221;center&#8221; custom_margin=&#8221;||10px||false|false&#8221; custom_padding=&#8221;||0px||false|false&#8221; global_colors_info=&#8221;{}&#8221;]<\/p>\n<h1>BED &amp; BREAKFAST<\/h1>\n<p>[\/et_pb_text][et_pb_divider divider_weight=&#8221;6px&#8221; _builder_version=&#8221;4.23&#8243; _module_preset=&#8221;default&#8221; max_width=&#8221;16px&#8221; module_alignment=&#8221;center&#8221; global_colors_info=&#8221;{}&#8221;][\/et_pb_divider][\/et_pb_column][\/et_pb_row][et_pb_row column_structure=&#8221;1_2,1_2&#8243; _builder_version=&#8221;4.23&#8243; _module_preset=&#8221;default&#8221; global_colors_info=&#8221;{}&#8221;][et_pb_column type=&#8221;1_2&#8243; _builder_version=&#8221;4.23&#8243; _module_preset=&#8221;default&#8221; global_colors_info=&#8221;{}&#8221;][et_pb_gallery gallery_ids=&#8221;3476,3458,3474,3472,3470,3468,3466,3464,3462,3460,3456&#8243; fullwidth=&#8221;on&#8221; _builder_version=&#8221;4.23&#8243; _module_preset=&#8221;default&#8221; global_colors_info=&#8221;{}&#8221;][\/et_pb_gallery][\/et_pb_column][et_pb_column type=&#8221;1_2&#8243; _builder_version=&#8221;4.23&#8243; _module_preset=&#8221;default&#8221; global_colors_info=&#8221;{}&#8221;][et_pb_text _builder_version=&#8221;4.27.4&#8243; _module_preset=&#8221;default&#8221; text_font=&#8221;Hind Vadodara||||||||&#8221; text_text_color=&#8221;#083147&#8243; custom_margin=&#8221;||4px|||&#8221; custom_padding=&#8221;||10px|||&#8221; hover_enabled=&#8221;0&#8243; global_colors_info=&#8221;{}&#8221; sticky_enabled=&#8221;0&#8243;]<\/p>\n<p>A reggelit gyakran a nap legfontosabb \u00e9tkez\u00e9sek\u00e9nt emlegetik. \u00c9s nem hi\u00e1ba! Ind\u00edtsd a napot egy b\u0151s\u00e9ges sv\u00e9dasztalos reggelivel, csup\u00e1n p\u00e1r l\u00e9p\u00e9sre a hotelt\u0151l. A <strong><a href=\"https:\/\/www.threecorners.com\/budapest\/downtown-edition-hotel\/\">Three Corners Downtown Hotel<\/a><\/strong> kiv\u00e1l\u00f3 reggelit biztos\u00edt, hogy a nagy v\u00e1rosi s\u00e9t\u00e1k el\u0151tt igaz\u00e1n feltankolhass. Vend\u00e9geinknek kedvez\u0151 \u00e1ron biztos\u00edtunk reggelit.<\/p>\n<p>[\/et_pb_text][et_pb_text _builder_version=&#8221;4.23&#8243; _module_preset=&#8221;default&#8221; text_line_height=&#8221;1.8em&#8221; link_font=&#8221;|600|||||||&#8221; link_text_color=&#8221;#083147&#8243; global_colors_info=&#8221;{}&#8221;]<\/p>\n<p>\u00c1r: <strong>19 EUR<\/strong> \/ f\u0151 \/ reggeli<\/p>\n<p><em>Az \u00e1r direkt foglal\u00e1s eset\u00e9n \u00e9rv\u00e9nyes. Foglal\u00e1s eset\u00e9n keresd a recepci\u00f3t.<\/em><\/p>\n<p>[\/et_pb_text][et_pb_map address=&#8221;Budapest, Okt\u00f3ber 6. u. 20, 1051 Magyarorsz\u00e1g&#8221; zoom_level=&#8221;19&#8243; address_lat=&#8221;47.501503203299&#8243; address_lng=&#8221;19.050372694443&#8243; _builder_version=&#8221;4.23&#8243; _module_preset=&#8221;default&#8221; child_mix_blend_mode=&#8221;hard-light&#8221; global_colors_info=&#8221;{}&#8221;][et_pb_map_pin title=&#8221;C\u00edm: Budapest, Okt\u00f3ber 6. u. 20, 1051 Magyarorsz\u00e1g&#8221; pin_address=&#8221;Budapest, Okt\u00f3ber 6. u. 20, 1051 Magyarorsz\u00e1g&#8221; zoom_level=&#8221;16&#8243; pin_address_lat=&#8221;47.501563&#8243; pin_address_lng=&#8221;19.050598&#8243; _builder_version=&#8221;4.23&#8243; _module_preset=&#8221;default&#8221; global_colors_info=&#8221;{}&#8221;][\/et_pb_map_pin][\/et_pb_map][\/et_pb_column][\/et_pb_row][\/et_pb_section]<\/p>\n","protected":false},"excerpt":{"rendered":"<p>BED &amp; BREAKFASTA reggelit gyakran a nap legfontosabb \u00e9tkez\u00e9sek\u00e9nt emlegetik. \u00c9s nem hi\u00e1ba! Ind\u00edtsd a napot egy b\u0151s\u00e9ges sv\u00e9dasztalos reggelivel, csup\u00e1n p\u00e1r l\u00e9p\u00e9sre a hotelt\u0151l. A Three Corners Downtown Hotel kiv\u00e1l\u00f3 reggelit biztos\u00edt, hogy a nagy v\u00e1rosi s\u00e9t\u00e1k el\u0151tt igaz\u00e1n feltankolhass. Vend\u00e9geinknek kedvez\u0151 \u00e1ron biztos\u00edtunk reggelit.\u00c1r: 19 EUR \/ f\u0151 \/ reggeli Az \u00e1r direkt [&hellip;]<\/p>\n","protected":false},"author":6,"featured_media":0,"parent":0,"menu_order":0,"comment_status":"closed","ping_status":"closed","template":"","meta":{"_et_pb_use_builder":"on","_et_pb_old_content":"","_et_gb_content_width":"","footnotes":""},"class_list":["post-3376","page","type-page","status-publish","hentry"],"yoast_head":"<!-- This site is optimized with the Yoast SEO plugin v26.8 - https:\/\/yoast.com\/product\/yoast-seo-wordpress\/ -->\n<title>Bed &amp; Breakfast - TG HOTEL APARTMENTS<\/title>\n<meta name=\"description\" content=\"Ind\u00edtsd a napot egy b\u0151s\u00e9ges sv\u00e9dasztalos reggelivel a TG Hotel Apartments szomsz\u00e9ds\u00e1g\u00e1ban, miel\u0151tt felfedezed Budapestet.\" \/>\n<meta name=\"robots\" content=\"index, follow, max-snippet:-1, max-image-preview:large, max-video-preview:-1\" \/>\n<link rel=\"canonical\" href=\"https:\/\/tghotelapartments.com\/hu\/breakfast\/\" \/>\n<meta property=\"og:locale\" content=\"hu_HU\" \/>\n<meta property=\"og:type\" content=\"article\" \/>\n<meta property=\"og:title\" content=\"Bed &amp; Breakfast - TG HOTEL APARTMENTS\" \/>\n<meta property=\"og:description\" content=\"Ind\u00edtsd a napot egy b\u0151s\u00e9ges sv\u00e9dasztalos reggelivel a TG Hotel Apartments szomsz\u00e9ds\u00e1g\u00e1ban, miel\u0151tt felfedezed Budapestet.\" \/>\n<meta property=\"og:url\" content=\"https:\/\/tghotelapartments.com\/hu\/breakfast\/\" \/>\n<meta property=\"og:site_name\" content=\"TG HOTEL APARTMENTS\" \/>\n<meta property=\"article:modified_time\" content=\"2025-01-29T08:46:34+00:00\" \/>\n<meta name=\"twitter:card\" content=\"summary_large_image\" \/>\n<meta name=\"twitter:label1\" content=\"Becs\u00fclt olvas\u00e1si id\u0151\" \/>\n\t<meta name=\"twitter:data1\" content=\"3 perc\" \/>\n<script type=\"application\/ld+json\" class=\"yoast-schema-graph\">{\"@context\":\"https:\/\/schema.org\",\"@graph\":[{\"@type\":\"WebPage\",\"@id\":\"https:\/\/tghotelapartments.com\/hu\/breakfast\/\",\"url\":\"https:\/\/tghotelapartments.com\/hu\/breakfast\/\",\"name\":\"Bed & Breakfast - TG HOTEL APARTMENTS\",\"isPartOf\":{\"@id\":\"https:\/\/tghotelapartments.com\/#website\"},\"datePublished\":\"2024-03-06T10:15:36+00:00\",\"dateModified\":\"2025-01-29T08:46:34+00:00\",\"description\":\"Ind\u00edtsd a napot egy b\u0151s\u00e9ges sv\u00e9dasztalos reggelivel a TG Hotel Apartments szomsz\u00e9ds\u00e1g\u00e1ban, miel\u0151tt felfedezed Budapestet.\",\"breadcrumb\":{\"@id\":\"https:\/\/tghotelapartments.com\/hu\/breakfast\/#breadcrumb\"},\"inLanguage\":\"hu\",\"potentialAction\":[{\"@type\":\"ReadAction\",\"target\":[\"https:\/\/tghotelapartments.com\/hu\/breakfast\/\"]}]},{\"@type\":\"BreadcrumbList\",\"@id\":\"https:\/\/tghotelapartments.com\/hu\/breakfast\/#breadcrumb\",\"itemListElement\":[{\"@type\":\"ListItem\",\"position\":1,\"name\":\"Home\",\"item\":\"https:\/\/tghotelapartments.com\/\"},{\"@type\":\"ListItem\",\"position\":2,\"name\":\"Bed &#038; Breakfast\"}]},{\"@type\":\"WebSite\",\"@id\":\"https:\/\/tghotelapartments.com\/#website\",\"url\":\"https:\/\/tghotelapartments.com\/\",\"name\":\"TG HOTEL APARTMENTS\",\"description\":\"TG Hotel Apartments feel like home away from home.\",\"potentialAction\":[{\"@type\":\"SearchAction\",\"target\":{\"@type\":\"EntryPoint\",\"urlTemplate\":\"https:\/\/tghotelapartments.com\/?s={search_term_string}\"},\"query-input\":{\"@type\":\"PropertyValueSpecification\",\"valueRequired\":true,\"valueName\":\"search_term_string\"}}],\"inLanguage\":\"hu\"}]}<\/script>\n<!-- \/ Yoast SEO plugin. -->","yoast_head_json":{"title":"Bed & Breakfast - TG HOTEL APARTMENTS","description":"Ind\u00edtsd a napot egy b\u0151s\u00e9ges sv\u00e9dasztalos reggelivel a TG Hotel Apartments szomsz\u00e9ds\u00e1g\u00e1ban, miel\u0151tt felfedezed Budapestet.","robots":{"index":"index","follow":"follow","max-snippet":"max-snippet:-1","max-image-preview":"max-image-preview:large","max-video-preview":"max-video-preview:-1"},"canonical":"https:\/\/tghotelapartments.com\/hu\/breakfast\/","og_locale":"hu_HU","og_type":"article","og_title":"Bed & Breakfast - TG HOTEL APARTMENTS","og_description":"Ind\u00edtsd a napot egy b\u0151s\u00e9ges sv\u00e9dasztalos reggelivel a TG Hotel Apartments szomsz\u00e9ds\u00e1g\u00e1ban, miel\u0151tt felfedezed Budapestet.","og_url":"https:\/\/tghotelapartments.com\/hu\/breakfast\/","og_site_name":"TG HOTEL APARTMENTS","article_modified_time":"2025-01-29T08:46:34+00:00","twitter_card":"summary_large_image","twitter_misc":{"Becs\u00fclt olvas\u00e1si id\u0151":"3 perc"},"schema":{"@context":"https:\/\/schema.org","@graph":[{"@type":"WebPage","@id":"https:\/\/tghotelapartments.com\/hu\/breakfast\/","url":"https:\/\/tghotelapartments.com\/hu\/breakfast\/","name":"Bed & Breakfast - TG HOTEL APARTMENTS","isPartOf":{"@id":"https:\/\/tghotelapartments.com\/#website"},"datePublished":"2024-03-06T10:15:36+00:00","dateModified":"2025-01-29T08:46:34+00:00","description":"Ind\u00edtsd a napot egy b\u0151s\u00e9ges sv\u00e9dasztalos reggelivel a TG Hotel Apartments szomsz\u00e9ds\u00e1g\u00e1ban, miel\u0151tt felfedezed Budapestet.","breadcrumb":{"@id":"https:\/\/tghotelapartments.com\/hu\/breakfast\/#breadcrumb"},"inLanguage":"hu","potentialAction":[{"@type":"ReadAction","target":["https:\/\/tghotelapartments.com\/hu\/breakfast\/"]}]},{"@type":"BreadcrumbList","@id":"https:\/\/tghotelapartments.com\/hu\/breakfast\/#breadcrumb","itemListElement":[{"@type":"ListItem","position":1,"name":"Home","item":"https:\/\/tghotelapartments.com\/"},{"@type":"ListItem","position":2,"name":"Bed &#038; Breakfast"}]},{"@type":"WebSite","@id":"https:\/\/tghotelapartments.com\/#website","url":"https:\/\/tghotelapartments.com\/","name":"TG HOTEL APARTMENTS","description":"TG Hotel Apartments feel like home away from home.","potentialAction":[{"@type":"SearchAction","target":{"@type":"EntryPoint","urlTemplate":"https:\/\/tghotelapartments.com\/?s={search_term_string}"},"query-input":{"@type":"PropertyValueSpecification","valueRequired":true,"valueName":"search_term_string"}}],"inLanguage":"hu"}]}},"_links":{"self":[{"href":"https:\/\/tghotelapartments.com\/hu\/wp-json\/wp\/v2\/pages\/3376","targetHints":{"allow":["GET"]}}],"collection":[{"href":"https:\/\/tghotelapartments.com\/hu\/wp-json\/wp\/v2\/pages"}],"about":[{"href":"https:\/\/tghotelapartments.com\/hu\/wp-json\/wp\/v2\/types\/page"}],"author":[{"embeddable":true,"href":"https:\/\/tghotelapartments.com\/hu\/wp-json\/wp\/v2\/users\/6"}],"replies":[{"embeddable":true,"href":"https:\/\/tghotelapartments.com\/hu\/wp-json\/wp\/v2\/comments?post=3376"}],"version-history":[{"count":13,"href":"https:\/\/tghotelapartments.com\/hu\/wp-json\/wp\/v2\/pages\/3376\/revisions"}],"predecessor-version":[{"id":4404,"href":"https:\/\/tghotelapartments.com\/hu\/wp-json\/wp\/v2\/pages\/3376\/revisions\/4404"}],"wp:attachment":[{"href":"https:\/\/tghotelapartments.com\/hu\/wp-json\/wp\/v2\/media?parent=3376"}],"curies":[{"name":"wp","href":"https:\/\/api.w.org\/{rel}","templated":true}]}}