{"id":2806,"date":"2024-01-19T16:26:31","date_gmt":"2024-01-19T16:26:31","guid":{"rendered":"https:\/\/tghotelapartments.com\/tg-special\/"},"modified":"2024-01-24T15:25:24","modified_gmt":"2024-01-24T15:25:24","slug":"tg-special","status":"publish","type":"page","link":"https:\/\/tghotelapartments.com\/hu\/tg-special\/","title":{"rendered":"TG SPECIAL"},"content":{"rendered":"<p>[et_pb_section fb_built=&#8221;1&#8243; _builder_version=&#8221;4.23&#8243; _module_preset=&#8221;default&#8221; background_color=&#8221;#faf7ef&#8221; custom_margin=&#8221;||||false|false&#8221; custom_padding=&#8221;|||0px||&#8221; da_disable_devices=&#8221;off|off|off&#8221; global_colors_info=&#8221;{}&#8221; da_is_popup=&#8221;off&#8221; da_exit_intent=&#8221;off&#8221; da_has_close=&#8221;on&#8221; da_alt_close=&#8221;off&#8221; da_dark_close=&#8221;off&#8221; da_not_modal=&#8221;on&#8221; da_is_singular=&#8221;off&#8221; da_with_loader=&#8221;off&#8221; da_has_shadow=&#8221;on&#8221;][et_pb_row _builder_version=&#8221;4.23&#8243; _module_preset=&#8221;default&#8221; width=&#8221;95%&#8221; max_width=&#8221;2560px&#8221; custom_margin=&#8221;30px||||false|false&#8221; global_colors_info=&#8221;{}&#8221;][et_pb_column type=&#8221;4_4&#8243; _builder_version=&#8221;4.23&#8243; _module_preset=&#8221;default&#8221; global_colors_info=&#8221;{}&#8221;][et_pb_text _builder_version=&#8221;4.23&#8243; _module_preset=&#8221;default&#8221; text_font=&#8221;ZonaPro Bold|600||on|||||&#8221; text_text_color=&#8221;#000000&#8243; text_font_size=&#8221;24px&#8221; text_letter_spacing=&#8221;3px&#8221; header_font=&#8221;|600|||||||&#8221; header_text_color=&#8221;#083147&#8243; text_orientation=&#8221;center&#8221; custom_margin=&#8221;||10px||false|false&#8221; custom_padding=&#8221;||0px||false|false&#8221; global_colors_info=&#8221;{}&#8221;]<\/p>\n<h1>TG SPECIAL<\/h1>\n<p>[\/et_pb_text][et_pb_divider divider_weight=&#8221;6px&#8221; _builder_version=&#8221;4.23&#8243; _module_preset=&#8221;default&#8221; max_width=&#8221;16px&#8221; module_alignment=&#8221;center&#8221; global_colors_info=&#8221;{}&#8221;][\/et_pb_divider][\/et_pb_column][\/et_pb_row][et_pb_row column_structure=&#8221;1_2,1_2&#8243; _builder_version=&#8221;4.23&#8243; _module_preset=&#8221;default&#8221; global_colors_info=&#8221;{}&#8221;][et_pb_column type=&#8221;1_2&#8243; _builder_version=&#8221;4.23&#8243; _module_preset=&#8221;default&#8221; global_colors_info=&#8221;{}&#8221;][et_pb_image src=&#8221;https:\/\/tghotelapartments.com\/wp-content\/uploads\/2024\/01\/TG-Suites-Promotion-TG-Special.jpg&#8221; title_text=&#8221;TG-Suites-Promotion-TG-Special&#8221; _builder_version=&#8221;4.23&#8243; _module_preset=&#8221;default&#8221; max_width=&#8221;90%&#8221; max_width_tablet=&#8221;100%&#8221; max_width_phone=&#8221;100%&#8221; max_width_last_edited=&#8221;on|phone&#8221; module_alignment=&#8221;right&#8221; module_alignment_tablet=&#8221;&#8221; module_alignment_phone=&#8221;&#8221; module_alignment_last_edited=&#8221;on|tablet&#8221; global_colors_info=&#8221;{}&#8221;][\/et_pb_image][\/et_pb_column][et_pb_column type=&#8221;1_2&#8243; _builder_version=&#8221;4.23&#8243; _module_preset=&#8221;default&#8221; global_colors_info=&#8221;{}&#8221;][et_pb_text _builder_version=&#8221;4.23&#8243; _module_preset=&#8221;default&#8221; text_font=&#8221;ZonaPro Bold|600||on|||||&#8221; text_text_color=&#8221;#000000&#8243; text_font_size=&#8221;24px&#8221; text_letter_spacing=&#8221;3px&#8221; header_font=&#8221;|600|||||||&#8221; header_text_color=&#8221;#083147&#8243; header_font_size=&#8221;28px&#8221; text_orientation=&#8221;center&#8221; custom_margin=&#8221;||10px||false|false&#8221; custom_padding=&#8221;||0px||false|false&#8221; global_colors_info=&#8221;{}&#8221;]<\/p>\n<h1 style=\"text-align: left;\">-15%-OS KEDVEZM\u00c9NY<\/h1>\n<p>[\/et_pb_text][et_pb_text _builder_version=&#8221;4.23&#8243; _module_preset=&#8221;default&#8221; text_line_height=&#8221;1.8em&#8221; link_font=&#8221;|600|||||||&#8221; link_text_color=&#8221;#083147&#8243; global_colors_info=&#8221;{}&#8221;]<\/p>\n<p>\u00c9lj egyedi aj\u00e1nlatunkkal, foglalj lakoszt\u00e1lyt 15%-os kedvezm\u00e9nnyel \u00e9lettel teli apartman Hotel\u00fcnkben!<\/p>\n<p><strong>Foglal\u00e1si folyamat<\/strong><\/p>\n<ul><\/ul>\n<p><img decoding=\"async\" src=\"https:\/\/tghotelapartments.com\/wp-content\/uploads\/2024\/01\/bullet.png\" width=\"12\" height=\"12\" alt=\"\" class=\"wp-image-1909 alignnone size-full\" \/> K<span>attints a FOGLALJ gombra<\/span><br \/><img decoding=\"async\" src=\"https:\/\/tghotelapartments.com\/wp-content\/uploads\/2024\/01\/bullet.png\" width=\"12\" height=\"12\" alt=\"\" class=\"wp-image-1909 alignnone size-full\" \/> V<span>\u00e1laszd ki a d\u00e1tumokat<\/span><br \/><span><\/span><span><img decoding=\"async\" src=\"https:\/\/tghotelapartments.com\/wp-content\/uploads\/2024\/01\/bullet.png\" width=\"12\" height=\"12\" alt=\"\" class=\"wp-image-1909 alignnone size-full\" \/> V\u00e1laszd ki az el\u00e9rhet\u0151 apartmanok k\u00f6z\u00fcl a kedvenced<br \/><img decoding=\"async\" src=\"https:\/\/tghotelapartments.com\/wp-content\/uploads\/2024\/01\/bullet.png\" width=\"12\" height=\"12\" alt=\"\" class=\"wp-image-1909 alignnone size-full\" \/> Keresd a TG SPECIAL csomagot az \u00e1rak k\u00f6z\u00f6tt<\/span><br \/><span><img decoding=\"async\" src=\"https:\/\/tghotelapartments.com\/wp-content\/uploads\/2024\/01\/bullet.png\" width=\"12\" height=\"12\" alt=\"\" class=\"wp-image-1909 alignnone size-full\" \/> Foglald le a sz\u00e1ll\u00e1st<\/span><span><\/span><span><\/span><\/p>\n<p>[\/et_pb_text][et_pb_button button_url=&#8221;https:\/\/ibe.sabeeapp.com\/properties\/TG-HOTEL-SUITES-foglal\u00e1s\/?p=bSpa72868b5417236e3&#038;l=hu&#8221; button_text=&#8221;FOGLAL\u00c1S&#8221; button_alignment=&#8221;left&#8221; _builder_version=&#8221;4.23&#8243; _module_preset=&#8221;default&#8221; custom_button=&#8221;on&#8221; button_text_size=&#8221;18px&#8221; button_text_color=&#8221;#FFFFFF&#8221; button_bg_color=&#8221;#083147&#8243; button_border_width=&#8221;5px&#8221; button_border_color=&#8221;#083147&#8243; button_border_radius=&#8221;0px&#8221; button_letter_spacing=&#8221;3px&#8221; button_font=&#8221;Hind Vadodara|||on|||||&#8221; button_on_hover=&#8221;off&#8221; custom_padding=&#8221;|50px||30px|false|false&#8221; hover_enabled=&#8221;0&#8243; global_colors_info=&#8221;{}&#8221; button_bg_color__hover_enabled=&#8221;on|hover&#8221; button_bg_color__hover=&#8221;#FFFFFF&#8221; button_bg_enable_color__hover=&#8221;on&#8221; button_text_color__hover_enabled=&#8221;on|desktop&#8221; button_text_color__hover=&#8221;#083147&#8243; button_border_color__hover_enabled=&#8221;on|hover&#8221; button_border_color__hover=&#8221;#083147&#8243; url_new_window=&#8221;on&#8221; sticky_enabled=&#8221;0&#8243;][\/et_pb_button][\/et_pb_column][\/et_pb_row][\/et_pb_section]<\/p>\n","protected":false},"excerpt":{"rendered":"<p>TG SPECIAL-15%-OS KEDVEZM\u00c9NY\u00c9lj egyedi aj\u00e1nlatunkkal, foglalj lakoszt\u00e1lyt 15%-os kedvezm\u00e9nnyel \u00e9lettel teli apartman Hotel\u00fcnkben! Foglal\u00e1si folyamat Kattints a FOGLALJ gombra V\u00e1laszd ki a d\u00e1tumokat V\u00e1laszd ki az el\u00e9rhet\u0151 apartmanok k\u00f6z\u00fcl a kedvenced Keresd a TG SPECIAL csomagot az \u00e1rak k\u00f6z\u00f6tt Foglald le a sz\u00e1ll\u00e1st<\/p>\n","protected":false},"author":2,"featured_media":0,"parent":0,"menu_order":0,"comment_status":"closed","ping_status":"closed","template":"","meta":{"_et_pb_use_builder":"on","_et_pb_old_content":"","_et_gb_content_width":"","footnotes":""},"class_list":["post-2806","page","type-page","status-publish","hentry"],"yoast_head":"<!-- This site is optimized with the Yoast SEO plugin v26.8 - https:\/\/yoast.com\/product\/yoast-seo-wordpress\/ -->\n<title>TG SPECIAL - TG HOTEL APARTMENTS<\/title>\n<meta name=\"robots\" content=\"index, follow, max-snippet:-1, max-image-preview:large, max-video-preview:-1\" \/>\n<link rel=\"canonical\" href=\"https:\/\/tghotelapartments.com\/hu\/tg-special\/\" \/>\n<meta property=\"og:locale\" content=\"hu_HU\" \/>\n<meta property=\"og:type\" content=\"article\" \/>\n<meta property=\"og:title\" content=\"TG SPECIAL - TG HOTEL APARTMENTS\" \/>\n<meta property=\"og:description\" content=\"TG SPECIAL-15%-OS KEDVEZM\u00c9NY\u00c9lj egyedi aj\u00e1nlatunkkal, foglalj lakoszt\u00e1lyt 15%-os kedvezm\u00e9nnyel \u00e9lettel teli apartman Hotel\u00fcnkben! Foglal\u00e1si folyamat Kattints a FOGLALJ gombra V\u00e1laszd ki a d\u00e1tumokat V\u00e1laszd ki az el\u00e9rhet\u0151 apartmanok k\u00f6z\u00fcl a kedvenced Keresd a TG SPECIAL csomagot az \u00e1rak k\u00f6z\u00f6tt Foglald le a sz\u00e1ll\u00e1st\" \/>\n<meta property=\"og:url\" content=\"https:\/\/tghotelapartments.com\/hu\/tg-special\/\" \/>\n<meta property=\"og:site_name\" content=\"TG HOTEL APARTMENTS\" \/>\n<meta property=\"article:modified_time\" content=\"2024-01-24T15:25:24+00:00\" \/>\n<meta property=\"og:image\" content=\"http:\/\/tghotelapartments.com\/wp-content\/uploads\/2024\/01\/bullet.png\" \/>\n<meta name=\"twitter:card\" content=\"summary_large_image\" \/>\n<meta name=\"twitter:label1\" content=\"Becs\u00fclt olvas\u00e1si id\u0151\" \/>\n\t<meta name=\"twitter:data1\" content=\"2 perc\" \/>\n<script type=\"application\/ld+json\" class=\"yoast-schema-graph\">{\"@context\":\"https:\/\/schema.org\",\"@graph\":[{\"@type\":\"WebPage\",\"@id\":\"https:\/\/tghotelapartments.com\/hu\/tg-special\/\",\"url\":\"https:\/\/tghotelapartments.com\/hu\/tg-special\/\",\"name\":\"TG SPECIAL - TG HOTEL APARTMENTS\",\"isPartOf\":{\"@id\":\"https:\/\/tghotelapartments.com\/#website\"},\"primaryImageOfPage\":{\"@id\":\"https:\/\/tghotelapartments.com\/hu\/tg-special\/#primaryimage\"},\"image\":{\"@id\":\"https:\/\/tghotelapartments.com\/hu\/tg-special\/#primaryimage\"},\"thumbnailUrl\":\"https:\/\/tghotelapartments.com\/wp-content\/uploads\/2024\/01\/bullet.png\",\"datePublished\":\"2024-01-19T16:26:31+00:00\",\"dateModified\":\"2024-01-24T15:25:24+00:00\",\"breadcrumb\":{\"@id\":\"https:\/\/tghotelapartments.com\/hu\/tg-special\/#breadcrumb\"},\"inLanguage\":\"hu\",\"potentialAction\":[{\"@type\":\"ReadAction\",\"target\":[\"https:\/\/tghotelapartments.com\/hu\/tg-special\/\"]}]},{\"@type\":\"ImageObject\",\"inLanguage\":\"hu\",\"@id\":\"https:\/\/tghotelapartments.com\/hu\/tg-special\/#primaryimage\",\"url\":\"https:\/\/tghotelapartments.com\/wp-content\/uploads\/2024\/01\/bullet.png\",\"contentUrl\":\"https:\/\/tghotelapartments.com\/wp-content\/uploads\/2024\/01\/bullet.png\"},{\"@type\":\"BreadcrumbList\",\"@id\":\"https:\/\/tghotelapartments.com\/hu\/tg-special\/#breadcrumb\",\"itemListElement\":[{\"@type\":\"ListItem\",\"position\":1,\"name\":\"Home\",\"item\":\"https:\/\/tghotelapartments.com\/\"},{\"@type\":\"ListItem\",\"position\":2,\"name\":\"TG SPECIAL\"}]},{\"@type\":\"WebSite\",\"@id\":\"https:\/\/tghotelapartments.com\/#website\",\"url\":\"https:\/\/tghotelapartments.com\/\",\"name\":\"TG HOTEL APARTMENTS\",\"description\":\"TG Hotel Apartments feel like home away from home.\",\"potentialAction\":[{\"@type\":\"SearchAction\",\"target\":{\"@type\":\"EntryPoint\",\"urlTemplate\":\"https:\/\/tghotelapartments.com\/?s={search_term_string}\"},\"query-input\":{\"@type\":\"PropertyValueSpecification\",\"valueRequired\":true,\"valueName\":\"search_term_string\"}}],\"inLanguage\":\"hu\"}]}<\/script>\n<!-- \/ Yoast SEO plugin. -->","yoast_head_json":{"title":"TG SPECIAL - TG HOTEL APARTMENTS","robots":{"index":"index","follow":"follow","max-snippet":"max-snippet:-1","max-image-preview":"max-image-preview:large","max-video-preview":"max-video-preview:-1"},"canonical":"https:\/\/tghotelapartments.com\/hu\/tg-special\/","og_locale":"hu_HU","og_type":"article","og_title":"TG SPECIAL - TG HOTEL APARTMENTS","og_description":"TG SPECIAL-15%-OS KEDVEZM\u00c9NY\u00c9lj egyedi aj\u00e1nlatunkkal, foglalj lakoszt\u00e1lyt 15%-os kedvezm\u00e9nnyel \u00e9lettel teli apartman Hotel\u00fcnkben! Foglal\u00e1si folyamat Kattints a FOGLALJ gombra V\u00e1laszd ki a d\u00e1tumokat V\u00e1laszd ki az el\u00e9rhet\u0151 apartmanok k\u00f6z\u00fcl a kedvenced Keresd a TG SPECIAL csomagot az \u00e1rak k\u00f6z\u00f6tt Foglald le a sz\u00e1ll\u00e1st","og_url":"https:\/\/tghotelapartments.com\/hu\/tg-special\/","og_site_name":"TG HOTEL APARTMENTS","article_modified_time":"2024-01-24T15:25:24+00:00","og_image":[{"url":"http:\/\/tghotelapartments.com\/wp-content\/uploads\/2024\/01\/bullet.png","type":"","width":"","height":""}],"twitter_card":"summary_large_image","twitter_misc":{"Becs\u00fclt olvas\u00e1si id\u0151":"2 perc"},"schema":{"@context":"https:\/\/schema.org","@graph":[{"@type":"WebPage","@id":"https:\/\/tghotelapartments.com\/hu\/tg-special\/","url":"https:\/\/tghotelapartments.com\/hu\/tg-special\/","name":"TG SPECIAL - TG HOTEL APARTMENTS","isPartOf":{"@id":"https:\/\/tghotelapartments.com\/#website"},"primaryImageOfPage":{"@id":"https:\/\/tghotelapartments.com\/hu\/tg-special\/#primaryimage"},"image":{"@id":"https:\/\/tghotelapartments.com\/hu\/tg-special\/#primaryimage"},"thumbnailUrl":"https:\/\/tghotelapartments.com\/wp-content\/uploads\/2024\/01\/bullet.png","datePublished":"2024-01-19T16:26:31+00:00","dateModified":"2024-01-24T15:25:24+00:00","breadcrumb":{"@id":"https:\/\/tghotelapartments.com\/hu\/tg-special\/#breadcrumb"},"inLanguage":"hu","potentialAction":[{"@type":"ReadAction","target":["https:\/\/tghotelapartments.com\/hu\/tg-special\/"]}]},{"@type":"ImageObject","inLanguage":"hu","@id":"https:\/\/tghotelapartments.com\/hu\/tg-special\/#primaryimage","url":"https:\/\/tghotelapartments.com\/wp-content\/uploads\/2024\/01\/bullet.png","contentUrl":"https:\/\/tghotelapartments.com\/wp-content\/uploads\/2024\/01\/bullet.png"},{"@type":"BreadcrumbList","@id":"https:\/\/tghotelapartments.com\/hu\/tg-special\/#breadcrumb","itemListElement":[{"@type":"ListItem","position":1,"name":"Home","item":"https:\/\/tghotelapartments.com\/"},{"@type":"ListItem","position":2,"name":"TG SPECIAL"}]},{"@type":"WebSite","@id":"https:\/\/tghotelapartments.com\/#website","url":"https:\/\/tghotelapartments.com\/","name":"TG HOTEL APARTMENTS","description":"TG Hotel Apartments feel like home away from home.","potentialAction":[{"@type":"SearchAction","target":{"@type":"EntryPoint","urlTemplate":"https:\/\/tghotelapartments.com\/?s={search_term_string}"},"query-input":{"@type":"PropertyValueSpecification","valueRequired":true,"valueName":"search_term_string"}}],"inLanguage":"hu"}]}},"_links":{"self":[{"href":"https:\/\/tghotelapartments.com\/hu\/wp-json\/wp\/v2\/pages\/2806","targetHints":{"allow":["GET"]}}],"collection":[{"href":"https:\/\/tghotelapartments.com\/hu\/wp-json\/wp\/v2\/pages"}],"about":[{"href":"https:\/\/tghotelapartments.com\/hu\/wp-json\/wp\/v2\/types\/page"}],"author":[{"embeddable":true,"href":"https:\/\/tghotelapartments.com\/hu\/wp-json\/wp\/v2\/users\/2"}],"replies":[{"embeddable":true,"href":"https:\/\/tghotelapartments.com\/hu\/wp-json\/wp\/v2\/comments?post=2806"}],"version-history":[{"count":4,"href":"https:\/\/tghotelapartments.com\/hu\/wp-json\/wp\/v2\/pages\/2806\/revisions"}],"predecessor-version":[{"id":2964,"href":"https:\/\/tghotelapartments.com\/hu\/wp-json\/wp\/v2\/pages\/2806\/revisions\/2964"}],"wp:attachment":[{"href":"https:\/\/tghotelapartments.com\/hu\/wp-json\/wp\/v2\/media?parent=2806"}],"curies":[{"name":"wp","href":"https:\/\/api.w.org\/{rel}","templated":true}]}}